{"id":3179,"date":"2026-03-05T09:42:58","date_gmt":"2026-03-05T09:42:58","guid":{"rendered":"https:\/\/restaurant-schluessel.swiss\/?page_id=3179"},"modified":"2026-04-14T12:40:43","modified_gmt":"2026-04-14T12:40:43","slug":"events","status":"publish","type":"page","link":"https:\/\/restaurant-schluessel.swiss\/en\/events\/","title":{"rendered":"Events"},"content":{"rendered":"<style type=\"text\/css\" data-created_by=\"avia_inline_auto\" id=\"style-css-av-3rzn53-c4fbc09751d5660e4321aaba26a7e92a\">\n.avia-section.av-3rzn53-c4fbc09751d5660e4321aaba26a7e92a{\nmargin-top:0px;\nmargin-bottom:0px;\n}\n<\/style>\n<div id='av_section_1'  class='avia-section av-3rzn53-c4fbc09751d5660e4321aaba26a7e92a main_color avia-section-small avia-no-border-styling  avia-builder-el-0  el_before_av_section  avia-builder-el-first  header-image-text avia-bg-style-scroll container_wrap fullsize'  ><div class='container av-section-cont-open' ><main  role=\"main\" itemprop=\"mainContentOfPage\"  class='template-page content  av-content-full alpha units'><div class='post-entry post-entry-type-page post-entry-3179'><div class='entry-content-wrapper clearfix'>\n\n<style type=\"text\/css\" data-created_by=\"avia_inline_auto\" id=\"style-css-av-3mhpdb-c44f444230f325cf084bcd358d3614b5\">\n.flex_column.av-3mhpdb-c44f444230f325cf084bcd358d3614b5{\npadding:30px 30px 30px 30px;\n}\n<\/style>\n<div  class='flex_column av-3mhpdb-c44f444230f325cf084bcd358d3614b5 av_one_full  avia-builder-el-1  el_before_av_one_third  avia-builder-el-first  first flex_column_div'     ><style type=\"text\/css\" data-created_by=\"avia_inline_auto\" id=\"style-css-av-3e45nr-23be4dba755cf83d31422d4974ec943e\">\n.avia-image-container.av-3e45nr-23be4dba755cf83d31422d4974ec943e img.avia_image{\nbox-shadow:none;\n}\n.avia-image-container.av-3e45nr-23be4dba755cf83d31422d4974ec943e .av-image-caption-overlay-center{\ncolor:#ffffff;\n}\n<\/style>\n<div  id=\"img_bankett\"  class='avia-image-container av-3e45nr-23be4dba755cf83d31422d4974ec943e av-styling- avia-align-left  avia-builder-el-2  avia-builder-el-no-sibling'   itemprop=\"image\" itemscope=\"itemscope\" itemtype=\"https:\/\/schema.org\/ImageObject\" ><div class=\"avia-image-container-inner\"><div class=\"avia-image-overlay-wrap\"><img decoding=\"async\" fetchpriority=\"high\" class='wp-image-2751 avia-img-lazy-loading-not-2751 avia_image' src=\"https:\/\/restaurant-schluessel.swiss\/wp-content\/uploads\/2025\/12\/CD_08881-23-12-2025-22-30-15.webp\" alt='' title=''  height=\"1616\" width=\"2400\"  itemprop=\"thumbnailUrl\" srcset=\"https:\/\/restaurant-schluessel.swiss\/wp-content\/uploads\/2025\/12\/CD_08881-23-12-2025-22-30-15.webp 2400w, https:\/\/restaurant-schluessel.swiss\/wp-content\/uploads\/2025\/12\/CD_08881-23-12-2025-22-30-15-300x202.webp 300w, https:\/\/restaurant-schluessel.swiss\/wp-content\/uploads\/2025\/12\/CD_08881-23-12-2025-22-30-15-1030x694.webp 1030w, https:\/\/restaurant-schluessel.swiss\/wp-content\/uploads\/2025\/12\/CD_08881-23-12-2025-22-30-15-768x517.webp 768w, https:\/\/restaurant-schluessel.swiss\/wp-content\/uploads\/2025\/12\/CD_08881-23-12-2025-22-30-15-1536x1034.webp 1536w, https:\/\/restaurant-schluessel.swiss\/wp-content\/uploads\/2025\/12\/CD_08881-23-12-2025-22-30-15-2048x1379.webp 2048w, https:\/\/restaurant-schluessel.swiss\/wp-content\/uploads\/2025\/12\/CD_08881-23-12-2025-22-30-15-1500x1010.webp 1500w, https:\/\/restaurant-schluessel.swiss\/wp-content\/uploads\/2025\/12\/CD_08881-23-12-2025-22-30-15-705x475.webp 705w\" sizes=\"(max-width: 2400px) 100vw, 2400px\" \/><\/div><\/div><\/div><\/div><div  class='flex_column av-3hmyiz-bbaa50186d6211fddc8964367de0a515 av_one_third  avia-builder-el-3  el_after_av_one_full  el_before_av_one_third  first flex_column_div  column-top-margin'     ><div  class='avia-button-wrap av-22cgrf-23e8c1d4d2a58ec1ae4b63170dfcc8f2-wrap avia-button-left  avia-builder-el-4  avia-builder-el-no-sibling'><a href='https:\/\/book.easytablebooking.com\/book\/?id=27393&amp;lang=de' class='avia-button av-22cgrf-23e8c1d4d2a58ec1ae4b63170dfcc8f2 avia-icon_select-no avia-size-x-large avia-position-left avia-color-theme-color' target=\"_blank\" rel=\"noopener noreferrer\"><span class='avia_iconbox_title' >reservation<\/span><\/a><\/div><\/div><div  class='flex_column av-7v4hxi-53eeaf5d3c6bc2990ad649e6bc56673e av_one_third  avia-builder-el-5  el_after_av_one_third  el_before_av_one_third  flex_column_div  column-top-margin'     ><div  class='avia-button-wrap av-mjjyud57-285dfe546a1e2cbc94f87604228beb17-wrap avia-button-left  avia-builder-el-6  avia-builder-el-no-sibling'>\n<style type=\"text\/css\" data-created_by=\"avia_inline_auto\" id=\"style-css-av-mjjyud57-285dfe546a1e2cbc94f87604228beb17\">\n#top #wrap_all .avia-button.av-mjjyud57-285dfe546a1e2cbc94f87604228beb17{\nmargin:30px 30px 30px 30px;\n}\n\n@media only screen and (min-width: 990px){ \n#top #wrap_all .avia-button.av-mjjyud57-285dfe546a1e2cbc94f87604228beb17{\nmargin:10px 10px 10px 10px;\n}\n}\n\n@media only screen and (min-width: 768px) and (max-width: 989px){ \n#top #wrap_all .avia-button.av-mjjyud57-285dfe546a1e2cbc94f87604228beb17{\nmargin:10px 10px 10px 10px;\n}\n}\n\n@media only screen and (min-width: 480px) and (max-width: 767px){ \n#top #wrap_all .avia-button.av-mjjyud57-285dfe546a1e2cbc94f87604228beb17{\nmargin:10px 10px 10px 10px;\n}\n}\n\n@media only screen and (max-width: 479px){ \n#top #wrap_all .avia-button.av-mjjyud57-285dfe546a1e2cbc94f87604228beb17{\nmargin:10px 10px 10px 10px;\n}\n}\n<\/style>\n<a href='mailto:info@restaurant-schluessel.swiss' class='avia-button av-mjjyud57-285dfe546a1e2cbc94f87604228beb17 avia-icon_select-no avia-size-x-large avia-position-left avia-color-theme-color' target=\"_blank\" rel=\"noopener noreferrer\"><span class='avia_iconbox_title' >e-mail<\/span><\/a><\/div><\/div><div  class='flex_column av-m5kc6-aa4cfbde422ca6b2b319c892496f9b17 av_one_third  avia-builder-el-7  el_after_av_one_third  avia-builder-el-last  flex_column_div  column-top-margin'     ><div  class='avia-button-wrap av-45qr9y-6e7da8cf36772710d59013ac69e5c87b-wrap avia-button-left  avia-builder-el-8  avia-builder-el-no-sibling'>\n<style type=\"text\/css\" data-created_by=\"avia_inline_auto\" id=\"style-css-av-45qr9y-6e7da8cf36772710d59013ac69e5c87b\">\n#top #wrap_all .avia-button.av-45qr9y-6e7da8cf36772710d59013ac69e5c87b{\nmargin:30px 30px 30px 30px;\n}\n\n@media only screen and (min-width: 990px){ \n#top #wrap_all .avia-button.av-45qr9y-6e7da8cf36772710d59013ac69e5c87b{\nmargin:10px 10px 10px 10px;\n}\n}\n\n@media only screen and (min-width: 768px) and (max-width: 989px){ \n#top #wrap_all .avia-button.av-45qr9y-6e7da8cf36772710d59013ac69e5c87b{\nmargin:10px 10px 10px 10px;\n}\n}\n\n@media only screen and (min-width: 480px) and (max-width: 767px){ \n#top #wrap_all .avia-button.av-45qr9y-6e7da8cf36772710d59013ac69e5c87b{\nmargin:10px 10px 10px 10px;\n}\n}\n\n@media only screen and (max-width: 479px){ \n#top #wrap_all .avia-button.av-45qr9y-6e7da8cf36772710d59013ac69e5c87b{\nmargin:10px 10px 10px 10px;\n}\n}\n<\/style>\n<a href='tel:+41414100533' class='avia-button av-45qr9y-6e7da8cf36772710d59013ac69e5c87b avia-icon_select-no avia-size-x-large avia-position-left avia-color-theme-color' target=\"_blank\" rel=\"noopener noreferrer\"><span class='avia_iconbox_title' >phone<\/span><\/a><\/div><\/div>\n\n<\/div><\/div><\/main><!-- close content main element --><\/div><\/div><div id='av_section_2'  class='avia-section av-epu54b-71f058f42bc7f96b43d3f567b6a6ba3a main_color avia-section-default avia-no-border-styling  avia-builder-el-9  el_after_av_section  avia-builder-el-last  avia-bg-style-scroll container_wrap fullsize'  ><div class='container av-section-cont-open' ><div class='template-page content  av-content-full alpha units'><div class='post-entry post-entry-type-page post-entry-3179'><div class='entry-content-wrapper clearfix'>\n<div  class='flex_column av-43ga4r-5a02c0b6945c089d231f1c7cae67ae57 av_one_full  avia-builder-el-10  el_before_av_one_full  avia-builder-el-first  first flex_column_div'     ><section  class='av_textblock_section av-m0pdq4jw-71952045a83c64cbe28239d92671fa97'   itemscope=\"itemscope\" itemtype=\"https:\/\/schema.org\/CreativeWork\" ><div class='avia_textblock'  itemprop=\"text\" ><h2>Events<\/h2>\n<p>14 Apr \u2013 16 Mai 26<br \/>\n<strong>Spargel-Fr\u00fchling<\/strong><\/p>\n<p>Der Fr\u00fchling und die Spargelsaison sind da!<\/p>\n<p>Freue dich auf frische Aromen und zarte Gen\u00fcsse rund um das edle Fr\u00fchlingsgem\u00fcse. Bei unserem Spargel-Fr\u00fchling erwarten dich k\u00f6stliche Spargelkreationen \u2013 von klassischen Kombinationen bis hin zu modernen Variationen.<\/p>\n<\/div><\/section><\/div><div  class='flex_column av-2ave57-d85cfb15808a975ad9c54a825e009b4e av_one_full  avia-builder-el-12  el_after_av_one_full  el_before_av_one_full  first flex_column_div  column-top-margin'     ><section  class='av_textblock_section av-mnyljsr8-0e1536f2f4a43453e61d054d0717529b'   itemscope=\"itemscope\" itemtype=\"https:\/\/schema.org\/CreativeWork\" ><div class='avia_textblock'  itemprop=\"text\" ><p>18 April 26<br \/>\n<strong>Wine &amp; Dine mit Roman Hermann<\/strong><\/p>\n<p>Tauche ein in einen Abend im Borrom\u00e4us-Saal mit Winzer Roman Hermann aus Fl\u00e4sch, Graub\u00fcnden. Gemeinsam mit unserer K\u00fcche entsteht ein abgestimmtes 5-Gang-Men\u00fc, begleitet von den erlesenen Weinen seines Weinguts. Chardonnay wie im Meursault, autochtone Completer und raffinierte Pinot Noirs &#8211; stay tuned.<\/p>\n<p>125 CHF pro Person inkl. 5-Gang Men\u00fc, Weinbegleitung, Wasser und Kaffee<\/p>\n<p><em>Bitte teilen Sie uns bei der Anmeldung mit, ob Allergien oder Unvertr\u00e4glichkeiten bestehen.<\/em><\/p>\n<p><a href=\"https:\/\/www.weingut-hermann.ch\/home\">Weingut von Roman Hermann<\/a><\/p>\n<\/div><\/section><\/div><div  class='flex_column av-av_one_full-41ee899840124b6993b57a87f996c353 av_one_full  avia-builder-el-14  el_after_av_one_full  el_before_av_one_full  first flex_column_div  column-top-margin'     ><section  class='av_textblock_section av-mnyll1kr-debe9399894c6708a18b8b0407b37f50'   itemscope=\"itemscope\" itemtype=\"https:\/\/schema.org\/CreativeWork\" ><div class='avia_textblock'  itemprop=\"text\" ><p>20 Juni 26<br \/>\n<strong>Wine &amp; Dine mit Markus Ruch<\/strong><\/p>\n<p>Geniesse einen sommerlichen Abend unter freiem Himmel auf dem Franziskanerplatz \u2013 gemeinsam mit Winzer Markus Ruch aus Schaffhausen. Zu einem abgestimmten 5-Gang-Men\u00fc servieren wir ausgew\u00e4hlte Weine aus seinem vielseitigen Sortiment: burgundisch gepr\u00e4gte Pinots, Weissweine aus Amphoren und weiteren charaktervollen Terroir-Weinen.<\/p>\n<p>125 CHF pro Person inkl. 5-Gang Men\u00fc, Weinbegleitung, Wasser und Kaffee<\/p>\n<p><em>Bitte teilen Sie uns bei der Anmeldung mit, ob Allergien oder Unvertr\u00e4glichkeiten bestehen.<\/em><\/p>\n<p><a href=\"https:\/\/www.weinbauruch.ch\/\">Weingut von Markus Ruch<\/a><\/p>\n<\/div><\/section><\/div><div  class='flex_column av-av_one_full-41ee899840124b6993b57a87f996c353 av_one_full  avia-builder-el-16  el_after_av_one_full  el_before_av_one_full  first flex_column_div  column-top-margin'     ><section  class='av_textblock_section av-mnyllxio-a9c762404b562913d7106f53f2c0cc04'   itemscope=\"itemscope\" itemtype=\"https:\/\/schema.org\/CreativeWork\" ><div class='avia_textblock'  itemprop=\"text\" ><p>23 Jun &#8211; 25 Jul 26<br \/>\n<strong>Tatar &amp; Bubbles<\/strong><\/p>\n<p>Der Sommer steht vor der T\u00fcr und wir feiern ihn mit Tatarkreationen, frischen Bubbles und viel Sonnenschein auf unserer Terrasse.<\/p>\n<p>Unser Rindstatar ist klassisch und doch mit einem gewissen Schl\u00fcssel-Twist. Als Erg\u00e4nzung servieren wir ein Schweizer Fischtatar sowie eine raffinierte vegetarische Variante. Ob als Vorspeise, Hauptgang oder als Tatar-Trilogie \u2013 begleitet von Haus-Cr\u00e9mant und weiteren spannenden Schaumweinen wird daraus der perfekte Sommerabend auf der Terrasse.<\/p>\n<\/div><\/section><\/div><div  class='flex_column av-av_one_full-41ee899840124b6993b57a87f996c353 av_one_full  avia-builder-el-18  el_after_av_one_full  el_before_av_one_full  first flex_column_div  column-top-margin'     ><section  class='av_textblock_section av-mnylmmyg-df1a8f01198a1f320533a95d1d0d6a43'   itemscope=\"itemscope\" itemtype=\"https:\/\/schema.org\/CreativeWork\" ><div class='avia_textblock'  itemprop=\"text\" ><p>22 Sept &#8211; 17 Okt 26<br \/>\n<strong>Wild auf Wild aus lokaler Jagd<\/strong><\/p>\n<p>Herbst ist Wild-Zeit, bei uns geniesst du Reh aus lokaler Jagd. Dabei verarbeiten wir ausschliesslich ganze Tiere, ganz im Sinne von Nose to Tail. Kr\u00e4ftige Aromen, saisonale Beilagen und herbstliche Saucen &#8211; mal klassisch, mal mit dem typischen Schl\u00fcssel-Twist. Passend dazu servieren wir dir gerne einen ausgew\u00e4hlten Tropfen aus dem Weinkeller.<\/p>\n<\/div><\/section><\/div><div  class='flex_column av-av_one_full-41ee899840124b6993b57a87f996c353 av_one_full  avia-builder-el-20  el_after_av_one_full  el_before_av_one_full  first flex_column_div  column-top-margin'     ><section  class='av_textblock_section av-mnylngmq-4d6488ca65efd6404ee6f183e8d4a09f'   itemscope=\"itemscope\" itemtype=\"https:\/\/schema.org\/CreativeWork\" ><div class='avia_textblock'  itemprop=\"text\" ><p>03 &#8211; 14 Nov 26<br \/>\n<strong>Schl\u00fcssel Metzgete<\/strong><\/p>\n<p>Wenn es draussen langsam k\u00fchler wird, ist es Zeit f\u00fcr unsere Schl\u00fcssel Metzgete.<\/p>\n<p>Herzhafte Klassiker mit unserer eigenen Schl\u00fcssel Note: Mal\u00a0cremig\u00a0mal\u00a0knusprig &#8211; Metzgete in allen Facetten. Genau das richtige f\u00fcr gem\u00fctliche Abende mit einem sprudligen Cider oder einem gutem Glas Wein.<\/p>\n<\/div><\/section><\/div><div  class='flex_column av-av_one_full-41ee899840124b6993b57a87f996c353 av_one_full  avia-builder-el-22  el_after_av_one_full  el_before_av_one_full  first flex_column_div  column-top-margin'     ><section  class='av_textblock_section av-mnylooyq-e5e67f2e180282389f6a70500bda4cfe'   itemscope=\"itemscope\" itemtype=\"https:\/\/schema.org\/CreativeWork\" ><div class='avia_textblock'  itemprop=\"text\" ><p>01 &#8211; 19 Dez 26<br \/>\n<strong>C\u00f4te de Boeuf zum Advent<\/strong><\/p>\n<p>Im Advent geht es f\u00fcr uns um die gemeinsamen Schl\u00fcssel-Momente voller Genuss und Zugeh\u00f6rigkeit. Genau daf\u00fcr ist unser C\u00f4te de Boeuf gemacht: Bestes Schweizer Angus Rind am Knochen gereift, saftig gebraten und perfekt zum Teilen begleitet von winterlichen Beilagen und kr\u00e4ftigem Jus.<\/p>\n<\/div><\/section><\/div><div  class='flex_column av-av_one_full-41ee899840124b6993b57a87f996c353 av_one_full  avia-builder-el-24  el_after_av_one_full  avia-builder-el-last  first flex_column_div  column-top-margin'     ><section  class='av_textblock_section av-mnylp40q-a5d4b5d320c4f728b72ab98e92a3e4ce'   itemscope=\"itemscope\" itemtype=\"https:\/\/schema.org\/CreativeWork\" ><div class='avia_textblock'  itemprop=\"text\" ><p>04 &#8211; 09 Feb 27<br \/>\n<strong>Pink Monk Fasnacht<\/strong><\/p>\n<p>W\u00e4hrend der Fasnacht wird es pink, laut und voller Lebensfreude! Gemeinsam mit den legend\u00e4ren Pink Monks feiern wir die f\u00fcnfte Jahreszeit mit Kost\u00fcmen, Guggenmusik und kulinarischen Spezialit\u00e4ten. Alles anders als sonst und doch ist vieles vertraut.<\/p>\n<\/div><\/section><\/div>","protected":false},"excerpt":{"rendered":"","protected":false},"author":1,"featured_media":2751,"parent":0,"menu_order":0,"comment_status":"closed","ping_status":"closed","template":"","meta":{"inline_featured_image":false,"footnotes":""},"class_list":["post-3179","page","type-page","status-publish","has-post-thumbnail","hentry"],"yoast_head":"<!-- This site is optimized with the Yoast SEO plugin v27.3 - https:\/\/yoast.com\/product\/yoast-seo-wordpress\/ -->\n<title>Events - Restaurant Schl\u00fcssel<\/title>\n<meta name=\"description\" content=\"Das Restaurant Schl\u00fcssel bietet eine einmalige Atmosph\u00e4re f\u00fcr Food Festivals, Wine &amp; Dine Abende, Metzgete oder Fr\u00fchling &amp; Spargeln.\" \/>\n<meta name=\"robots\" content=\"index, follow, max-snippet:-1, max-image-preview:large, max-video-preview:-1\" \/>\n<link rel=\"canonical\" href=\"https:\/\/restaurant-schluessel.swiss\/en\/events\/\" \/>\n<meta property=\"og:locale\" content=\"en_GB\" \/>\n<meta property=\"og:type\" content=\"article\" \/>\n<meta property=\"og:title\" content=\"Events - Restaurant Schl\u00fcssel\" \/>\n<meta property=\"og:description\" content=\"Das Restaurant Schl\u00fcssel bietet eine einmalige Atmosph\u00e4re f\u00fcr Food Festivals, Wine &amp; Dine Abende, Metzgete oder Fr\u00fchling &amp; Spargeln.\" \/>\n<meta property=\"og:url\" content=\"https:\/\/restaurant-schluessel.swiss\/en\/events\/\" \/>\n<meta property=\"og:site_name\" content=\"Restaurant Schl\u00fcssel\" \/>\n<meta property=\"article:modified_time\" content=\"2026-04-14T12:40:43+00:00\" \/>\n<meta property=\"og:image\" content=\"https:\/\/restaurant-schluessel.swiss\/wp-content\/uploads\/2025\/12\/CD_08881-23-12-2025-22-30-15.webp\" \/>\n\t<meta property=\"og:image:width\" content=\"2400\" \/>\n\t<meta property=\"og:image:height\" content=\"1616\" \/>\n\t<meta property=\"og:image:type\" content=\"image\/webp\" \/>\n<meta name=\"twitter:card\" content=\"summary_large_image\" \/>\n<meta name=\"twitter:label1\" content=\"Estimated reading time\" \/>\n\t<meta name=\"twitter:data1\" content=\"3 minutes\" \/>\n<script type=\"application\/ld+json\" class=\"yoast-schema-graph\">{\"@context\":\"https:\\\/\\\/schema.org\",\"@graph\":[{\"@type\":\"WebPage\",\"@id\":\"https:\\\/\\\/restaurant-schluessel.swiss\\\/events\\\/\",\"url\":\"https:\\\/\\\/restaurant-schluessel.swiss\\\/events\\\/\",\"name\":\"Events - Restaurant Schl\u00fcssel\",\"isPartOf\":{\"@id\":\"https:\\\/\\\/restaurant-schluessel.swiss\\\/#website\"},\"primaryImageOfPage\":{\"@id\":\"https:\\\/\\\/restaurant-schluessel.swiss\\\/events\\\/#primaryimage\"},\"image\":{\"@id\":\"https:\\\/\\\/restaurant-schluessel.swiss\\\/events\\\/#primaryimage\"},\"thumbnailUrl\":\"https:\\\/\\\/restaurant-schluessel.swiss\\\/wp-content\\\/uploads\\\/2025\\\/12\\\/CD_08881-23-12-2025-22-30-15.webp\",\"datePublished\":\"2026-03-05T09:42:58+00:00\",\"dateModified\":\"2026-04-14T12:40:43+00:00\",\"description\":\"Das Restaurant Schl\u00fcssel bietet eine einmalige Atmosph\u00e4re f\u00fcr Food Festivals, Wine & Dine Abende, Metzgete oder Fr\u00fchling & Spargeln.\",\"breadcrumb\":{\"@id\":\"https:\\\/\\\/restaurant-schluessel.swiss\\\/events\\\/#breadcrumb\"},\"inLanguage\":\"en-GB\",\"potentialAction\":[{\"@type\":\"ReadAction\",\"target\":[\"https:\\\/\\\/restaurant-schluessel.swiss\\\/events\\\/\"]}]},{\"@type\":\"ImageObject\",\"inLanguage\":\"en-GB\",\"@id\":\"https:\\\/\\\/restaurant-schluessel.swiss\\\/events\\\/#primaryimage\",\"url\":\"https:\\\/\\\/restaurant-schluessel.swiss\\\/wp-content\\\/uploads\\\/2025\\\/12\\\/CD_08881-23-12-2025-22-30-15.webp\",\"contentUrl\":\"https:\\\/\\\/restaurant-schluessel.swiss\\\/wp-content\\\/uploads\\\/2025\\\/12\\\/CD_08881-23-12-2025-22-30-15.webp\",\"width\":2400,\"height\":1616},{\"@type\":\"BreadcrumbList\",\"@id\":\"https:\\\/\\\/restaurant-schluessel.swiss\\\/events\\\/#breadcrumb\",\"itemListElement\":[{\"@type\":\"ListItem\",\"position\":1,\"name\":\"Startseite\",\"item\":\"https:\\\/\\\/restaurant-schluessel.swiss\\\/\"},{\"@type\":\"ListItem\",\"position\":2,\"name\":\"Events\"}]},{\"@type\":\"WebSite\",\"@id\":\"https:\\\/\\\/restaurant-schluessel.swiss\\\/#website\",\"url\":\"https:\\\/\\\/restaurant-schluessel.swiss\\\/\",\"name\":\"Restaurant Schl\u00fcssel\",\"description\":\"\",\"potentialAction\":[{\"@type\":\"SearchAction\",\"target\":{\"@type\":\"EntryPoint\",\"urlTemplate\":\"https:\\\/\\\/restaurant-schluessel.swiss\\\/?s={search_term_string}\"},\"query-input\":{\"@type\":\"PropertyValueSpecification\",\"valueRequired\":true,\"valueName\":\"search_term_string\"}}],\"inLanguage\":\"en-GB\"}]}<\/script>\n<!-- \/ Yoast SEO plugin. -->","yoast_head_json":{"title":"Events - Restaurant Schl\u00fcssel","description":"Das Restaurant Schl\u00fcssel bietet eine einmalige Atmosph\u00e4re f\u00fcr Food Festivals, Wine & Dine Abende, Metzgete oder Fr\u00fchling & Spargeln.","robots":{"index":"index","follow":"follow","max-snippet":"max-snippet:-1","max-image-preview":"max-image-preview:large","max-video-preview":"max-video-preview:-1"},"canonical":"https:\/\/restaurant-schluessel.swiss\/en\/events\/","og_locale":"en_GB","og_type":"article","og_title":"Events - Restaurant Schl\u00fcssel","og_description":"Das Restaurant Schl\u00fcssel bietet eine einmalige Atmosph\u00e4re f\u00fcr Food Festivals, Wine & Dine Abende, Metzgete oder Fr\u00fchling & Spargeln.","og_url":"https:\/\/restaurant-schluessel.swiss\/en\/events\/","og_site_name":"Restaurant Schl\u00fcssel","article_modified_time":"2026-04-14T12:40:43+00:00","og_image":[{"width":2400,"height":1616,"url":"https:\/\/restaurant-schluessel.swiss\/wp-content\/uploads\/2025\/12\/CD_08881-23-12-2025-22-30-15.webp","type":"image\/webp"}],"twitter_card":"summary_large_image","twitter_misc":{"Estimated reading time":"3 minutes"},"schema":{"@context":"https:\/\/schema.org","@graph":[{"@type":"WebPage","@id":"https:\/\/restaurant-schluessel.swiss\/events\/","url":"https:\/\/restaurant-schluessel.swiss\/events\/","name":"Events - Restaurant Schl\u00fcssel","isPartOf":{"@id":"https:\/\/restaurant-schluessel.swiss\/#website"},"primaryImageOfPage":{"@id":"https:\/\/restaurant-schluessel.swiss\/events\/#primaryimage"},"image":{"@id":"https:\/\/restaurant-schluessel.swiss\/events\/#primaryimage"},"thumbnailUrl":"https:\/\/restaurant-schluessel.swiss\/wp-content\/uploads\/2025\/12\/CD_08881-23-12-2025-22-30-15.webp","datePublished":"2026-03-05T09:42:58+00:00","dateModified":"2026-04-14T12:40:43+00:00","description":"Das Restaurant Schl\u00fcssel bietet eine einmalige Atmosph\u00e4re f\u00fcr Food Festivals, Wine & Dine Abende, Metzgete oder Fr\u00fchling & Spargeln.","breadcrumb":{"@id":"https:\/\/restaurant-schluessel.swiss\/events\/#breadcrumb"},"inLanguage":"en-GB","potentialAction":[{"@type":"ReadAction","target":["https:\/\/restaurant-schluessel.swiss\/events\/"]}]},{"@type":"ImageObject","inLanguage":"en-GB","@id":"https:\/\/restaurant-schluessel.swiss\/events\/#primaryimage","url":"https:\/\/restaurant-schluessel.swiss\/wp-content\/uploads\/2025\/12\/CD_08881-23-12-2025-22-30-15.webp","contentUrl":"https:\/\/restaurant-schluessel.swiss\/wp-content\/uploads\/2025\/12\/CD_08881-23-12-2025-22-30-15.webp","width":2400,"height":1616},{"@type":"BreadcrumbList","@id":"https:\/\/restaurant-schluessel.swiss\/events\/#breadcrumb","itemListElement":[{"@type":"ListItem","position":1,"name":"Startseite","item":"https:\/\/restaurant-schluessel.swiss\/"},{"@type":"ListItem","position":2,"name":"Events"}]},{"@type":"WebSite","@id":"https:\/\/restaurant-schluessel.swiss\/#website","url":"https:\/\/restaurant-schluessel.swiss\/","name":"Restaurant Schl\u00fcssel","description":"","potentialAction":[{"@type":"SearchAction","target":{"@type":"EntryPoint","urlTemplate":"https:\/\/restaurant-schluessel.swiss\/?s={search_term_string}"},"query-input":{"@type":"PropertyValueSpecification","valueRequired":true,"valueName":"search_term_string"}}],"inLanguage":"en-GB"}]}},"_links":{"self":[{"href":"https:\/\/restaurant-schluessel.swiss\/en\/wp-json\/wp\/v2\/pages\/3179","targetHints":{"allow":["GET"]}}],"collection":[{"href":"https:\/\/restaurant-schluessel.swiss\/en\/wp-json\/wp\/v2\/pages"}],"about":[{"href":"https:\/\/restaurant-schluessel.swiss\/en\/wp-json\/wp\/v2\/types\/page"}],"author":[{"embeddable":true,"href":"https:\/\/restaurant-schluessel.swiss\/en\/wp-json\/wp\/v2\/users\/1"}],"replies":[{"embeddable":true,"href":"https:\/\/restaurant-schluessel.swiss\/en\/wp-json\/wp\/v2\/comments?post=3179"}],"version-history":[{"count":14,"href":"https:\/\/restaurant-schluessel.swiss\/en\/wp-json\/wp\/v2\/pages\/3179\/revisions"}],"predecessor-version":[{"id":3363,"href":"https:\/\/restaurant-schluessel.swiss\/en\/wp-json\/wp\/v2\/pages\/3179\/revisions\/3363"}],"wp:featuredmedia":[{"embeddable":true,"href":"https:\/\/restaurant-schluessel.swiss\/en\/wp-json\/wp\/v2\/media\/2751"}],"wp:attachment":[{"href":"https:\/\/restaurant-schluessel.swiss\/en\/wp-json\/wp\/v2\/media?parent=3179"}],"curies":[{"name":"wp","href":"https:\/\/api.w.org\/{rel}","templated":true}]}}