{"id":139,"date":"2024-03-23T14:03:13","date_gmt":"2024-03-23T14:03:13","guid":{"rendered":"https:\/\/schluessel-lucerne.ch\/?page_id=139"},"modified":"2026-03-31T11:10:05","modified_gmt":"2026-03-31T11:10:05","slug":"jobs","status":"publish","type":"page","link":"https:\/\/restaurant-schluessel.swiss\/en\/jobs\/","title":{"rendered":"jobs"},"content":{"rendered":"<div id='av_section_1'  class='avia-section av-sh577-afdad51885f44bda01a8fa1070739211 main_color avia-section-default avia-no-border-styling  avia-builder-el-0  avia-builder-el-no-sibling  header-image-text avia-bg-style-scroll container_wrap fullsize'  ><div class='container av-section-cont-open' ><main  role=\"main\" itemprop=\"mainContentOfPage\"  class='template-page content  av-content-full alpha units'><div class='post-entry post-entry-type-page post-entry-139'><div class='entry-content-wrapper clearfix'>\n<div  class='flex_column av-m0nln-4ea9583f66fc01982de8d32dc46da2f1 av_one_full  avia-builder-el-1  el_before_av_four_fifth  avia-builder-el-first  first flex_column_div'     ><p>\n<style type=\"text\/css\" data-created_by=\"avia_inline_auto\" id=\"style-css-av-mjso3mua-a74879a6eab7e1ccfe37105483184b52\">\n.avia-image-container.av-mjso3mua-a74879a6eab7e1ccfe37105483184b52 img.avia_image{\nbox-shadow:none;\n}\n.avia-image-container.av-mjso3mua-a74879a6eab7e1ccfe37105483184b52 .av-image-caption-overlay-center{\ncolor:#ffffff;\n}\n<\/style>\n<div  class='avia-image-container av-mjso3mua-a74879a6eab7e1ccfe37105483184b52 av-styling- avia-align-center  avia-builder-el-2  el_before_av_image  avia-builder-el-first'   itemprop=\"image\" itemscope=\"itemscope\" itemtype=\"https:\/\/schema.org\/ImageObject\" ><div class=\"avia-image-container-inner\"><div class=\"avia-image-overlay-wrap\"><img decoding=\"async\" fetchpriority=\"high\" class='wp-image-2673 avia-img-lazy-loading-not-2673 avia_image' src=\"https:\/\/restaurant-schluessel.swiss\/wp-content\/uploads\/2025\/12\/CD_08257-scaled.webp\" alt='' title=''  height=\"1707\" width=\"2560\"  itemprop=\"thumbnailUrl\" srcset=\"https:\/\/restaurant-schluessel.swiss\/wp-content\/uploads\/2025\/12\/CD_08257-scaled.webp 2560w, https:\/\/restaurant-schluessel.swiss\/wp-content\/uploads\/2025\/12\/CD_08257-300x200.webp 300w, https:\/\/restaurant-schluessel.swiss\/wp-content\/uploads\/2025\/12\/CD_08257-1030x687.webp 1030w, https:\/\/restaurant-schluessel.swiss\/wp-content\/uploads\/2025\/12\/CD_08257-768x512.webp 768w, https:\/\/restaurant-schluessel.swiss\/wp-content\/uploads\/2025\/12\/CD_08257-1536x1024.webp 1536w, https:\/\/restaurant-schluessel.swiss\/wp-content\/uploads\/2025\/12\/CD_08257-2048x1365.webp 2048w, https:\/\/restaurant-schluessel.swiss\/wp-content\/uploads\/2025\/12\/CD_08257-1500x1000.webp 1500w, https:\/\/restaurant-schluessel.swiss\/wp-content\/uploads\/2025\/12\/CD_08257-705x470.webp 705w\" sizes=\"(max-width: 2560px) 100vw, 2560px\" \/><\/div><\/div><\/div><br \/>\n\n<style type=\"text\/css\" data-created_by=\"avia_inline_auto\" id=\"style-css-av-dbu0z-40d74970ffdd21bf14643cf8a3b0b68d\">\n.avia-image-container.av-dbu0z-40d74970ffdd21bf14643cf8a3b0b68d img.avia_image{\nbox-shadow:none;\n}\n.avia-image-container.av-dbu0z-40d74970ffdd21bf14643cf8a3b0b68d .av-image-caption-overlay-center{\ncolor:#ffffff;\n}\n<\/style>\n<div  class='avia-image-container av-dbu0z-40d74970ffdd21bf14643cf8a3b0b68d av-styling- avia-align-center  avia-builder-el-3  el_after_av_image  avia-builder-el-last'   itemprop=\"image\" itemscope=\"itemscope\" itemtype=\"https:\/\/schema.org\/ImageObject\" ><div class=\"avia-image-container-inner\"><div class=\"avia-image-overlay-wrap\"><img decoding=\"async\" fetchpriority=\"high\" class='wp-image- avia-img-lazy-loading-not- avia_image' src=\"https:\/\/restaurant-schluessel.swiss\/wp-content\/uploads\/2024\/03\/hotel-schluessel-luzern-jobs-300x150.jpg\" alt='' title=''   itemprop=\"thumbnailUrl\"  \/><\/div><\/div><\/div><\/p><\/div><div  class='flex_column av-9ni4z-11298f832b291a33f5c52773559e5787 av_four_fifth  avia-builder-el-4  el_after_av_one_full  el_before_av_hr  first flex_column_div  column-top-margin'     ><section  class='av_textblock_section av-lu45tl8b-92d2b067a0888c376dce7b15a02329b0'   itemscope=\"itemscope\" itemtype=\"https:\/\/schema.org\/CreativeWork\" ><div class='avia_textblock'  itemprop=\"text\" ><h3>jobs<\/h3>\n<h1>Teil der Familie werden<\/h1>\n<p>Im Schl\u00fcssel z\u00e4hlt nicht nur, was wir tun, sondern vor allem, wie wir es tun: herzlich, offen, aufmerksam und miteinander. Wir sind ein junges Team und glauben an echte Gastfreundschaft \u2014 gegen\u00fcber unseren G\u00e4sten und untereinander. F\u00fcr uns gilt: <em data-start=\"5678\" data-end=\"5699\">familia supra omnia<\/em>.<\/p>\n<\/div><\/section><\/div>\n<style type=\"text\/css\" data-created_by=\"avia_inline_auto\" id=\"style-css-av-czehv-55730d01cc8304f1ddda63148c613297\">\n#top .hr.hr-invisible.av-czehv-55730d01cc8304f1ddda63148c613297{\nheight:50px;\n}\n<\/style>\n<div  class='hr av-czehv-55730d01cc8304f1ddda63148c613297 hr-invisible  avia-builder-el-6  el_after_av_four_fifth  el_before_av_four_fifth'><span class='hr-inner'><span class=\"hr-inner-style\"><\/span><\/span><\/div>\n<div  class='flex_column av-lieyr-030da0df5f72185c062636c4fe41aa7a av_four_fifth  avia-builder-el-7  el_after_av_hr  avia-builder-el-last  first flex_column_div'     ><section  class='av_textblock_section av-fawo3-3e80e53c934b8396605e0967162d9fec'   itemscope=\"itemscope\" itemtype=\"https:\/\/schema.org\/CreativeWork\" ><div class='avia_textblock'  itemprop=\"text\" ><h3 data-start=\"196\" data-end=\"285\"><strong data-start=\"224\" data-end=\"283\">Service-Angestellte*r im Stundenlohn (v.a. Abendservice)<\/strong><\/h3>\n<p data-start=\"287\" data-end=\"679\">Im Schl\u00fcssel sorgst du daf\u00fcr, dass sich unsere G\u00e4ste willkommen f\u00fchlen \u2013 sei es beim Abendessen im Restaurant, bei einem Glas Wein auf der Terrasse, an einem Firmenessen oder bei privaten Anl\u00e4ssen. Auch wenn das Restaurant voll besetzt ist, draussen spontan noch ein Tisch frei werden soll und gleichzeitig jemand eine Empfehlung zur Weinkarte w\u00fcnscht, bleibst du aufmerksam und freundlich.<\/p>\n<p data-start=\"681\" data-end=\"1087\">Du bringst Engagement, Eigeninitiative und Freude am G\u00e4stekontakt mit. Mit geschickten H\u00e4nden, flinken Beinen und einem sicheren Auftreten tr\u00e4gst du dazu bei, dass der Aufenthalt unserer G\u00e4ste ganz wunderbar verl\u00e4uft. Wenn du ebenfalls flexibel einsetzbar bist und Wochenend-Schichten kein Problem darstellen, Service-Erfahrung im Rucksack hast und unsere Begeisterung f\u00fcr Kulinarik teilst, klingt das nach guten Voraussetzungen f\u00fcr ein pers\u00f6nliches Kennenlernen.<\/p>\n<p>Interessiert? Gastgeberin Jasmin Zellweger freut sich auf deine aussagekr\u00e4ftigen Unterlagen mit Bild: info@restaurant-schluessel.swiss<\/p>\n<p>Solltest du Fragen haben, melde dich gerne telefonisch bei uns: +41 41 410 05 33<\/p>\n<\/div><\/section><br \/>\n<div  class='avia-button-wrap av-aq977-24c3c24a41413a1a7e7b16118175c334-wrap avia-button-left  avia-builder-el-9  el_after_av_textblock  avia-builder-el-last'><a href='mailto:info@restaurant-schluessel.swiss' class='avia-button av-aq977-24c3c24a41413a1a7e7b16118175c334 avia-icon_select-no avia-size-x-large avia-position-left avia-color-theme-color' target=\"_blank\" rel=\"noopener noreferrer\"><span class='avia_iconbox_title' >Bewerben<\/span><\/a><\/div><\/p><\/div>","protected":false},"excerpt":{"rendered":"","protected":false},"author":3,"featured_media":2673,"parent":0,"menu_order":0,"comment_status":"closed","ping_status":"closed","template":"","meta":{"inline_featured_image":false,"footnotes":""},"class_list":["post-139","page","type-page","status-publish","has-post-thumbnail","hentry"],"yoast_head":"<!-- This site is optimized with the Yoast SEO plugin v27.3 - https:\/\/yoast.com\/product\/yoast-seo-wordpress\/ -->\n<title>Jobs - Restaurant Schl\u00fcssel<\/title>\n<meta name=\"description\" content=\"Bist du interessiert, im Hotel und Restaurant Schl\u00fcssel Luzern zu arbeiten und Teil der Familie zu werden? Hier findest du aktuelle Jobs:\" \/>\n<meta name=\"robots\" content=\"index, follow, max-snippet:-1, max-image-preview:large, max-video-preview:-1\" \/>\n<link rel=\"canonical\" href=\"https:\/\/restaurant-schluessel.swiss\/en\/jobs\/\" \/>\n<meta property=\"og:locale\" content=\"en_GB\" \/>\n<meta property=\"og:type\" content=\"article\" \/>\n<meta property=\"og:title\" content=\"Jobs - Restaurant Schl\u00fcssel\" \/>\n<meta property=\"og:description\" content=\"Bist du interessiert, im Hotel und Restaurant Schl\u00fcssel Luzern zu arbeiten und Teil der Familie zu werden? Hier findest du aktuelle Jobs:\" \/>\n<meta property=\"og:url\" content=\"https:\/\/restaurant-schluessel.swiss\/en\/jobs\/\" \/>\n<meta property=\"og:site_name\" content=\"Restaurant Schl\u00fcssel\" \/>\n<meta property=\"article:modified_time\" content=\"2026-03-31T11:10:05+00:00\" \/>\n<meta property=\"og:image\" content=\"https:\/\/restaurant-schluessel.swiss\/wp-content\/uploads\/2025\/12\/CD_08257-scaled.webp\" \/>\n\t<meta property=\"og:image:width\" content=\"2560\" \/>\n\t<meta property=\"og:image:height\" content=\"1707\" \/>\n\t<meta property=\"og:image:type\" content=\"image\/webp\" \/>\n<meta name=\"twitter:card\" content=\"summary_large_image\" \/>\n<meta name=\"twitter:label1\" content=\"Estimated reading time\" \/>\n\t<meta name=\"twitter:data1\" content=\"2 minutes\" \/>\n<script type=\"application\/ld+json\" class=\"yoast-schema-graph\">{\"@context\":\"https:\\\/\\\/schema.org\",\"@graph\":[{\"@type\":\"WebPage\",\"@id\":\"https:\\\/\\\/restaurant-schluessel.swiss\\\/jobs\\\/\",\"url\":\"https:\\\/\\\/restaurant-schluessel.swiss\\\/jobs\\\/\",\"name\":\"Jobs - Restaurant Schl\u00fcssel\",\"isPartOf\":{\"@id\":\"https:\\\/\\\/restaurant-schluessel.swiss\\\/#website\"},\"primaryImageOfPage\":{\"@id\":\"https:\\\/\\\/restaurant-schluessel.swiss\\\/jobs\\\/#primaryimage\"},\"image\":{\"@id\":\"https:\\\/\\\/restaurant-schluessel.swiss\\\/jobs\\\/#primaryimage\"},\"thumbnailUrl\":\"https:\\\/\\\/restaurant-schluessel.swiss\\\/wp-content\\\/uploads\\\/2025\\\/12\\\/CD_08257-scaled.webp\",\"datePublished\":\"2024-03-23T14:03:13+00:00\",\"dateModified\":\"2026-03-31T11:10:05+00:00\",\"description\":\"Bist du interessiert, im Hotel und Restaurant Schl\u00fcssel Luzern zu arbeiten und Teil der Familie zu werden? Hier findest du aktuelle Jobs:\",\"breadcrumb\":{\"@id\":\"https:\\\/\\\/restaurant-schluessel.swiss\\\/jobs\\\/#breadcrumb\"},\"inLanguage\":\"en-GB\",\"potentialAction\":[{\"@type\":\"ReadAction\",\"target\":[\"https:\\\/\\\/restaurant-schluessel.swiss\\\/jobs\\\/\"]}]},{\"@type\":\"ImageObject\",\"inLanguage\":\"en-GB\",\"@id\":\"https:\\\/\\\/restaurant-schluessel.swiss\\\/jobs\\\/#primaryimage\",\"url\":\"https:\\\/\\\/restaurant-schluessel.swiss\\\/wp-content\\\/uploads\\\/2025\\\/12\\\/CD_08257-scaled.webp\",\"contentUrl\":\"https:\\\/\\\/restaurant-schluessel.swiss\\\/wp-content\\\/uploads\\\/2025\\\/12\\\/CD_08257-scaled.webp\",\"width\":2560,\"height\":1707},{\"@type\":\"BreadcrumbList\",\"@id\":\"https:\\\/\\\/restaurant-schluessel.swiss\\\/jobs\\\/#breadcrumb\",\"itemListElement\":[{\"@type\":\"ListItem\",\"position\":1,\"name\":\"Startseite\",\"item\":\"https:\\\/\\\/restaurant-schluessel.swiss\\\/\"},{\"@type\":\"ListItem\",\"position\":2,\"name\":\"Jobs\"}]},{\"@type\":\"WebSite\",\"@id\":\"https:\\\/\\\/restaurant-schluessel.swiss\\\/#website\",\"url\":\"https:\\\/\\\/restaurant-schluessel.swiss\\\/\",\"name\":\"Restaurant Schl\u00fcssel\",\"description\":\"\",\"potentialAction\":[{\"@type\":\"SearchAction\",\"target\":{\"@type\":\"EntryPoint\",\"urlTemplate\":\"https:\\\/\\\/restaurant-schluessel.swiss\\\/?s={search_term_string}\"},\"query-input\":{\"@type\":\"PropertyValueSpecification\",\"valueRequired\":true,\"valueName\":\"search_term_string\"}}],\"inLanguage\":\"en-GB\"}]}<\/script>\n<!-- \/ Yoast SEO plugin. -->","yoast_head_json":{"title":"Jobs - Restaurant Schl\u00fcssel","description":"Bist du interessiert, im Hotel und Restaurant Schl\u00fcssel Luzern zu arbeiten und Teil der Familie zu werden? Hier findest du aktuelle Jobs:","robots":{"index":"index","follow":"follow","max-snippet":"max-snippet:-1","max-image-preview":"max-image-preview:large","max-video-preview":"max-video-preview:-1"},"canonical":"https:\/\/restaurant-schluessel.swiss\/en\/jobs\/","og_locale":"en_GB","og_type":"article","og_title":"Jobs - Restaurant Schl\u00fcssel","og_description":"Bist du interessiert, im Hotel und Restaurant Schl\u00fcssel Luzern zu arbeiten und Teil der Familie zu werden? Hier findest du aktuelle Jobs:","og_url":"https:\/\/restaurant-schluessel.swiss\/en\/jobs\/","og_site_name":"Restaurant Schl\u00fcssel","article_modified_time":"2026-03-31T11:10:05+00:00","og_image":[{"width":2560,"height":1707,"url":"https:\/\/restaurant-schluessel.swiss\/wp-content\/uploads\/2025\/12\/CD_08257-scaled.webp","type":"image\/webp"}],"twitter_card":"summary_large_image","twitter_misc":{"Estimated reading time":"2 minutes"},"schema":{"@context":"https:\/\/schema.org","@graph":[{"@type":"WebPage","@id":"https:\/\/restaurant-schluessel.swiss\/jobs\/","url":"https:\/\/restaurant-schluessel.swiss\/jobs\/","name":"Jobs - Restaurant Schl\u00fcssel","isPartOf":{"@id":"https:\/\/restaurant-schluessel.swiss\/#website"},"primaryImageOfPage":{"@id":"https:\/\/restaurant-schluessel.swiss\/jobs\/#primaryimage"},"image":{"@id":"https:\/\/restaurant-schluessel.swiss\/jobs\/#primaryimage"},"thumbnailUrl":"https:\/\/restaurant-schluessel.swiss\/wp-content\/uploads\/2025\/12\/CD_08257-scaled.webp","datePublished":"2024-03-23T14:03:13+00:00","dateModified":"2026-03-31T11:10:05+00:00","description":"Bist du interessiert, im Hotel und Restaurant Schl\u00fcssel Luzern zu arbeiten und Teil der Familie zu werden? Hier findest du aktuelle Jobs:","breadcrumb":{"@id":"https:\/\/restaurant-schluessel.swiss\/jobs\/#breadcrumb"},"inLanguage":"en-GB","potentialAction":[{"@type":"ReadAction","target":["https:\/\/restaurant-schluessel.swiss\/jobs\/"]}]},{"@type":"ImageObject","inLanguage":"en-GB","@id":"https:\/\/restaurant-schluessel.swiss\/jobs\/#primaryimage","url":"https:\/\/restaurant-schluessel.swiss\/wp-content\/uploads\/2025\/12\/CD_08257-scaled.webp","contentUrl":"https:\/\/restaurant-schluessel.swiss\/wp-content\/uploads\/2025\/12\/CD_08257-scaled.webp","width":2560,"height":1707},{"@type":"BreadcrumbList","@id":"https:\/\/restaurant-schluessel.swiss\/jobs\/#breadcrumb","itemListElement":[{"@type":"ListItem","position":1,"name":"Startseite","item":"https:\/\/restaurant-schluessel.swiss\/"},{"@type":"ListItem","position":2,"name":"Jobs"}]},{"@type":"WebSite","@id":"https:\/\/restaurant-schluessel.swiss\/#website","url":"https:\/\/restaurant-schluessel.swiss\/","name":"Restaurant Schl\u00fcssel","description":"","potentialAction":[{"@type":"SearchAction","target":{"@type":"EntryPoint","urlTemplate":"https:\/\/restaurant-schluessel.swiss\/?s={search_term_string}"},"query-input":{"@type":"PropertyValueSpecification","valueRequired":true,"valueName":"search_term_string"}}],"inLanguage":"en-GB"}]}},"_links":{"self":[{"href":"https:\/\/restaurant-schluessel.swiss\/en\/wp-json\/wp\/v2\/pages\/139","targetHints":{"allow":["GET"]}}],"collection":[{"href":"https:\/\/restaurant-schluessel.swiss\/en\/wp-json\/wp\/v2\/pages"}],"about":[{"href":"https:\/\/restaurant-schluessel.swiss\/en\/wp-json\/wp\/v2\/types\/page"}],"author":[{"embeddable":true,"href":"https:\/\/restaurant-schluessel.swiss\/en\/wp-json\/wp\/v2\/users\/3"}],"replies":[{"embeddable":true,"href":"https:\/\/restaurant-schluessel.swiss\/en\/wp-json\/wp\/v2\/comments?post=139"}],"version-history":[{"count":56,"href":"https:\/\/restaurant-schluessel.swiss\/en\/wp-json\/wp\/v2\/pages\/139\/revisions"}],"predecessor-version":[{"id":3375,"href":"https:\/\/restaurant-schluessel.swiss\/en\/wp-json\/wp\/v2\/pages\/139\/revisions\/3375"}],"wp:featuredmedia":[{"embeddable":true,"href":"https:\/\/restaurant-schluessel.swiss\/en\/wp-json\/wp\/v2\/media\/2673"}],"wp:attachment":[{"href":"https:\/\/restaurant-schluessel.swiss\/en\/wp-json\/wp\/v2\/media?parent=139"}],"curies":[{"name":"wp","href":"https:\/\/api.w.org\/{rel}","templated":true}]}}