{"id":1190,"date":"2024-09-05T14:35:30","date_gmt":"2024-09-05T14:35:30","guid":{"rendered":"https:\/\/restaurant-schluessel.swiss\/?page_id=1190"},"modified":"2026-04-06T06:11:52","modified_gmt":"2026-04-06T06:11:52","slug":"bankett-event","status":"publish","type":"page","link":"https:\/\/restaurant-schluessel.swiss\/en\/bankett-event\/","title":{"rendered":"Bankette"},"content":{"rendered":"<style type=\"text\/css\" data-created_by=\"avia_inline_auto\" id=\"style-css-av-3rzn53-26c0927bc3131a651784f1cae566192e\">\n.avia-section.av-3rzn53-26c0927bc3131a651784f1cae566192e{\nmargin-top:0px;\nmargin-bottom:0px;\n}\n\n@media only screen and (min-width: 768px) and (max-width: 989px){ \n.avia-section.av-3rzn53-26c0927bc3131a651784f1cae566192e{\nmargin-top:0;\nmargin-bottom:0;\n}\n}\n\n@media only screen and (min-width: 480px) and (max-width: 767px){ \n.avia-section.av-3rzn53-26c0927bc3131a651784f1cae566192e{\nmargin-top:0;\nmargin-bottom:0;\n}\n}\n\n@media only screen and (max-width: 479px){ \n.avia-section.av-3rzn53-26c0927bc3131a651784f1cae566192e{\nmargin-top:0;\nmargin-bottom:0;\n}\n}\n<\/style>\n<div id='av_section_1'  class='avia-section av-3rzn53-26c0927bc3131a651784f1cae566192e main_color avia-section-small avia-no-border-styling  avia-builder-el-0  el_before_av_section  avia-builder-el-first  header-image-text avia-bg-style-scroll container_wrap fullsize'  ><div class='container av-section-cont-open' ><main  role=\"main\" itemprop=\"mainContentOfPage\"  class='template-page content  av-content-full alpha units'><div class='post-entry post-entry-type-page post-entry-1190'><div class='entry-content-wrapper clearfix'>\n\n<style type=\"text\/css\" data-created_by=\"avia_inline_auto\" id=\"style-css-av-3mhpdb-1f34411ec953342fb84d9aa3a321fbbe\">\n.flex_column.av-3mhpdb-1f34411ec953342fb84d9aa3a321fbbe{\npadding:30px 30px 30px 30px;\n}\n\n@media only screen and (min-width: 768px) and (max-width: 989px){ \n.flex_column.av-3mhpdb-1f34411ec953342fb84d9aa3a321fbbe{\npadding:0 0 0 0;\n}\n}\n\n@media only screen and (min-width: 480px) and (max-width: 767px){ \n.flex_column.av-3mhpdb-1f34411ec953342fb84d9aa3a321fbbe{\npadding:0 0 0 0;\n}\n}\n\n@media only screen and (max-width: 479px){ \n.flex_column.av-3mhpdb-1f34411ec953342fb84d9aa3a321fbbe{\npadding:0 0 0 0;\n}\n}\n<\/style>\n<div  class='flex_column av-3mhpdb-1f34411ec953342fb84d9aa3a321fbbe av_one_full  avia-builder-el-1  el_before_av_one_fourth  avia-builder-el-first  first flex_column_div'     ><style type=\"text\/css\" data-created_by=\"avia_inline_auto\" id=\"style-css-av-3e45nr-70fe46813bad18f0dd62aa92f002a424\">\n.avia-image-container.av-3e45nr-70fe46813bad18f0dd62aa92f002a424 img.avia_image{\nbox-shadow:none;\n}\n.avia-image-container.av-3e45nr-70fe46813bad18f0dd62aa92f002a424 .av-image-caption-overlay-center{\ncolor:#ffffff;\n}\n<\/style>\n<div  id=\"img_bankett\"  class='avia-image-container av-3e45nr-70fe46813bad18f0dd62aa92f002a424 av-styling- avia-align-left  avia-builder-el-2  avia-builder-el-no-sibling'   itemprop=\"image\" itemscope=\"itemscope\" itemtype=\"https:\/\/schema.org\/ImageObject\" ><div class=\"avia-image-container-inner\"><div class=\"avia-image-overlay-wrap\"><img decoding=\"async\" fetchpriority=\"high\" class='wp-image-2566 avia-img-lazy-loading-not-2566 avia_image' src=\"https:\/\/restaurant-schluessel.swiss\/wp-content\/uploads\/2025\/12\/CD_07364-scaled.webp\" alt='' title=''  height=\"1707\" width=\"2560\"  itemprop=\"thumbnailUrl\" srcset=\"https:\/\/restaurant-schluessel.swiss\/wp-content\/uploads\/2025\/12\/CD_07364-scaled.webp 2560w, https:\/\/restaurant-schluessel.swiss\/wp-content\/uploads\/2025\/12\/CD_07364-300x200.webp 300w, https:\/\/restaurant-schluessel.swiss\/wp-content\/uploads\/2025\/12\/CD_07364-1030x687.webp 1030w, https:\/\/restaurant-schluessel.swiss\/wp-content\/uploads\/2025\/12\/CD_07364-768x512.webp 768w, https:\/\/restaurant-schluessel.swiss\/wp-content\/uploads\/2025\/12\/CD_07364-1536x1024.webp 1536w, https:\/\/restaurant-schluessel.swiss\/wp-content\/uploads\/2025\/12\/CD_07364-2048x1365.webp 2048w, https:\/\/restaurant-schluessel.swiss\/wp-content\/uploads\/2025\/12\/CD_07364-1500x1000.webp 1500w, https:\/\/restaurant-schluessel.swiss\/wp-content\/uploads\/2025\/12\/CD_07364-705x470.webp 705w\" sizes=\"(max-width: 2560px) 100vw, 2560px\" \/><\/div><\/div><\/div><\/div>\n<style type=\"text\/css\" data-created_by=\"avia_inline_auto\" id=\"style-css-av-4ogeti-8ea5589d8a07bebd19e42b72b6ef61e1\">\n\n@media only screen and (min-width: 768px) and (max-width: 989px){ \n.flex_column.av-4ogeti-8ea5589d8a07bebd19e42b72b6ef61e1{\npadding:60px 10px 0 10px;\n}\n}\n\n@media only screen and (min-width: 480px) and (max-width: 767px){ \n.flex_column.av-4ogeti-8ea5589d8a07bebd19e42b72b6ef61e1{\npadding:60px 10px 0 10px;\n}\n}\n\n@media only screen and (max-width: 479px){ \n.flex_column.av-4ogeti-8ea5589d8a07bebd19e42b72b6ef61e1{\npadding:60px 10px 0 10px;\n}\n}\n<\/style>\n<div  class='flex_column av-4ogeti-8ea5589d8a07bebd19e42b72b6ef61e1 av_one_fourth  avia-builder-el-3  el_after_av_one_full  el_before_av_one_fourth  first flex_column_div  column-top-margin'     ><div  class='avia-button-wrap av-2buabq-991634f108e81dfcc567241b9ad49ed4-wrap avia-button-left  avia-builder-el-4  avia-builder-el-no-sibling'>\n<style type=\"text\/css\" data-created_by=\"avia_inline_auto\" id=\"style-css-av-2buabq-991634f108e81dfcc567241b9ad49ed4\">\n#top #wrap_all .avia-button.av-2buabq-991634f108e81dfcc567241b9ad49ed4{\nmargin:30px 30px 30px 30px;\n}\n\n@media only screen and (min-width: 990px){ \n#top #wrap_all .avia-button.av-2buabq-991634f108e81dfcc567241b9ad49ed4{\nmargin:10px 10px 10px 10px;\n}\n}\n\n@media only screen and (min-width: 768px) and (max-width: 989px){ \n#top #wrap_all .avia-button.av-2buabq-991634f108e81dfcc567241b9ad49ed4{\nmargin:10px 10px 10px 10px;\npadding:0 0 0 0;\n}\n}\n\n@media only screen and (min-width: 480px) and (max-width: 767px){ \n#top #wrap_all .avia-button.av-2buabq-991634f108e81dfcc567241b9ad49ed4{\nmargin:10px 10px 10px 10px;\npadding:0 0 0 0;\n}\n}\n\n@media only screen and (max-width: 479px){ \n#top #wrap_all .avia-button.av-2buabq-991634f108e81dfcc567241b9ad49ed4{\nmargin:0 0 0 0;\npadding:0 0 0 0;\n}\n}\n<\/style>\n<a href='https:\/\/restaurant-schluessel.swiss\/wp-content\/uploads\/2026\/03\/Bankettunterlagen_2026-1.pdf' class='avia-button av-2buabq-991634f108e81dfcc567241b9ad49ed4 avia-icon_select-no avia-size-x-large avia-position-left avia-color-theme-color' target=\"_blank\" rel=\"noopener noreferrer\"><span class='avia_iconbox_title' >banquet menu<\/span><\/a><\/div><\/div>\n<style type=\"text\/css\" data-created_by=\"avia_inline_auto\" id=\"style-css-av-2v4y1i-2025d6061238cbeae7c68091fdbe06fc\">\n\n@media only screen and (min-width: 480px) and (max-width: 767px){ \n.flex_column.av-2v4y1i-2025d6061238cbeae7c68091fdbe06fc{\npadding:0 0 0 0;\n}\n}\n\n@media only screen and (max-width: 479px){ \n.flex_column.av-2v4y1i-2025d6061238cbeae7c68091fdbe06fc{\npadding:0 0 0 0;\n}\n}\n<\/style>\n<div  class='flex_column av-2v4y1i-2025d6061238cbeae7c68091fdbe06fc av_one_fourth  avia-builder-el-5  el_after_av_one_fourth  el_before_av_one_fourth  flex_column_div  column-top-margin'     ><div  class='avia-button-wrap av-mjjyv0s4-ffd38c009ee46ccc127c41ea1c41651a-wrap avia-button-left  avia-builder-el-6  avia-builder-el-no-sibling'>\n<style type=\"text\/css\" data-created_by=\"avia_inline_auto\" id=\"style-css-av-mjjyv0s4-ffd38c009ee46ccc127c41ea1c41651a\">\n#top #wrap_all .avia-button.av-mjjyv0s4-ffd38c009ee46ccc127c41ea1c41651a{\nmargin:30px 30px 30px 30px;\n}\n\n@media only screen and (min-width: 990px){ \n#top #wrap_all .avia-button.av-mjjyv0s4-ffd38c009ee46ccc127c41ea1c41651a{\nmargin:10px 10px 10px 10px;\npadding:0 0 0 0;\n}\n}\n\n@media only screen and (min-width: 768px) and (max-width: 989px){ \n#top #wrap_all .avia-button.av-mjjyv0s4-ffd38c009ee46ccc127c41ea1c41651a{\nmargin:10px 10px 10px 10px;\npadding:0 0 0 0;\n}\n}\n\n@media only screen and (min-width: 480px) and (max-width: 767px){ \n#top #wrap_all .avia-button.av-mjjyv0s4-ffd38c009ee46ccc127c41ea1c41651a{\nmargin:10px 10px 10px 10px;\npadding:0 0 0 0;\n}\n}\n\n@media only screen and (max-width: 479px){ \n#top #wrap_all .avia-button.av-mjjyv0s4-ffd38c009ee46ccc127c41ea1c41651a{\nmargin:10px 10px 10px 10px;\npadding:0 0 0 0;\n}\n}\n<\/style>\n<a href='https:\/\/restaurant-schluessel.swiss\/wp-content\/uploads\/2026\/04\/Weinkarte_EN_26_03.pdf' class='avia-button av-mjjyv0s4-ffd38c009ee46ccc127c41ea1c41651a avia-icon_select-no avia-size-x-large avia-position-left avia-color-theme-color' target=\"_blank\" rel=\"noopener noreferrer\"><span class='avia_iconbox_title' >wine list<\/span><\/a><\/div><\/div>\n<style type=\"text\/css\" data-created_by=\"avia_inline_auto\" id=\"style-css-av-7v4hxi-41de9a26fa70d0dc2287d1a1a464b31a\">\n\n@media only screen and (min-width: 768px) and (max-width: 989px){ \n.flex_column.av-7v4hxi-41de9a26fa70d0dc2287d1a1a464b31a{\npadding:0 0 0 0;\n}\n}\n\n@media only screen and (min-width: 480px) and (max-width: 767px){ \n.flex_column.av-7v4hxi-41de9a26fa70d0dc2287d1a1a464b31a{\npadding:0 0 0 0;\n}\n}\n\n@media only screen and (max-width: 479px){ \n.flex_column.av-7v4hxi-41de9a26fa70d0dc2287d1a1a464b31a{\npadding:0 0 0 0;\n}\n}\n<\/style>\n<div  class='flex_column av-7v4hxi-41de9a26fa70d0dc2287d1a1a464b31a av_one_fourth  avia-builder-el-7  el_after_av_one_fourth  el_before_av_one_fourth  flex_column_div  column-top-margin'     ><div  class='avia-button-wrap av-mjjyud57-f00fc6f43a34c5af17e60db76360d173-wrap avia-button-left  avia-builder-el-8  avia-builder-el-no-sibling'>\n<style type=\"text\/css\" data-created_by=\"avia_inline_auto\" id=\"style-css-av-mjjyud57-f00fc6f43a34c5af17e60db76360d173\">\n#top #wrap_all .avia-button.av-mjjyud57-f00fc6f43a34c5af17e60db76360d173{\nmargin:30px 30px 30px 30px;\n}\n\n@media only screen and (min-width: 990px){ \n#top #wrap_all .avia-button.av-mjjyud57-f00fc6f43a34c5af17e60db76360d173{\nmargin:10px 10px 10px 10px;\npadding:0 0 0 0;\n}\n}\n\n@media only screen and (min-width: 768px) and (max-width: 989px){ \n#top #wrap_all .avia-button.av-mjjyud57-f00fc6f43a34c5af17e60db76360d173{\nmargin:10px 10px 10px 10px;\npadding:0 0 0 0;\n}\n}\n\n@media only screen and (min-width: 480px) and (max-width: 767px){ \n#top #wrap_all .avia-button.av-mjjyud57-f00fc6f43a34c5af17e60db76360d173{\nmargin:10px 10px 10px 10px;\npadding:0 0 0 0;\n}\n}\n\n@media only screen and (max-width: 479px){ \n#top #wrap_all .avia-button.av-mjjyud57-f00fc6f43a34c5af17e60db76360d173{\nmargin:10px 10px 10px 10px;\npadding:0 0 0 0;\n}\n}\n<\/style>\n<a href='mailto:info@restaurant-schluessel.swiss' class='avia-button av-mjjyud57-f00fc6f43a34c5af17e60db76360d173 avia-icon_select-no avia-size-x-large avia-position-left avia-color-theme-color' target=\"_blank\" rel=\"noopener noreferrer\"><span class='avia_iconbox_title' >e-mail<\/span><\/a><\/div><\/div>\n<style type=\"text\/css\" data-created_by=\"avia_inline_auto\" id=\"style-css-av-m5kc6-df73cdf02512bfc797767cca0847f6ff\">\n\n@media only screen and (min-width: 768px) and (max-width: 989px){ \n.flex_column.av-m5kc6-df73cdf02512bfc797767cca0847f6ff{\npadding:0 0 0 0;\n}\n}\n\n@media only screen and (min-width: 480px) and (max-width: 767px){ \n.flex_column.av-m5kc6-df73cdf02512bfc797767cca0847f6ff{\npadding:0 0 0 0;\n}\n}\n\n@media only screen and (max-width: 479px){ \n.flex_column.av-m5kc6-df73cdf02512bfc797767cca0847f6ff{\npadding:0 0 0 0;\n}\n}\n<\/style>\n<div  class='flex_column av-m5kc6-df73cdf02512bfc797767cca0847f6ff av_one_fourth  avia-builder-el-9  el_after_av_one_fourth  avia-builder-el-last  flex_column_div  column-top-margin'     ><div  class='avia-button-wrap av-45qr9y-13e27288fbc7571ba53f49681edf27e3-wrap avia-button-left  avia-builder-el-10  avia-builder-el-no-sibling'>\n<style type=\"text\/css\" data-created_by=\"avia_inline_auto\" id=\"style-css-av-45qr9y-13e27288fbc7571ba53f49681edf27e3\">\n#top #wrap_all .avia-button.av-45qr9y-13e27288fbc7571ba53f49681edf27e3{\nmargin:30px 30px 30px 30px;\n}\n\n@media only screen and (min-width: 990px){ \n#top #wrap_all .avia-button.av-45qr9y-13e27288fbc7571ba53f49681edf27e3{\nmargin:10px 10px 10px 10px;\npadding:0 0 0 0;\n}\n}\n\n@media only screen and (min-width: 768px) and (max-width: 989px){ \n#top #wrap_all .avia-button.av-45qr9y-13e27288fbc7571ba53f49681edf27e3{\nmargin:10px 10px 10px 10px;\npadding:0 0 0 0;\n}\n}\n\n@media only screen and (min-width: 480px) and (max-width: 767px){ \n#top #wrap_all .avia-button.av-45qr9y-13e27288fbc7571ba53f49681edf27e3{\nmargin:10px 10px 10px 10px;\npadding:0 0 0 0;\n}\n}\n\n@media only screen and (max-width: 479px){ \n#top #wrap_all .avia-button.av-45qr9y-13e27288fbc7571ba53f49681edf27e3{\nmargin:10px 10px 10px 10px;\npadding:0 0 0 0;\n}\n}\n<\/style>\n<a href='tel:+41414100533' class='avia-button av-45qr9y-13e27288fbc7571ba53f49681edf27e3 avia-icon_select-no avia-size-x-large avia-position-left avia-color-theme-color' target=\"_blank\" rel=\"noopener noreferrer\"><span class='avia_iconbox_title' >phone<\/span><\/a><\/div><\/div><\/div><\/div><\/main><!-- close content main element --><\/div><\/div>\n<style type=\"text\/css\" data-created_by=\"avia_inline_auto\" id=\"style-css-av-iecbza-3bd6cb127d60881fbcd232238b10ffce\">\n.avia-section.av-iecbza-3bd6cb127d60881fbcd232238b10ffce{\nmargin-top:-140px;\nmargin-bottom:0;\n}\n<\/style>\n<div id='av_section_2'  class='avia-section av-iecbza-3bd6cb127d60881fbcd232238b10ffce main_color avia-section-default avia-no-border-styling  avia-builder-el-11  el_after_av_section  avia-builder-el-last  avia-bg-style-scroll container_wrap fullsize'  ><div class='container av-section-cont-open' ><div class='template-page content  av-content-full alpha units'><div class='post-entry post-entry-type-page post-entry-1190'><div class='entry-content-wrapper clearfix'>\n<div  class='flex_column av-fdiq12-46a539a4d5ccce4bf976b918680bcfb8 av_one_full  avia-builder-el-12  el_before_av_one_full  avia-builder-el-first  first flex_column_div'     ><section  class='av_textblock_section av-m0pdq4jw-71952045a83c64cbe28239d92671fa97'   itemscope=\"itemscope\" itemtype=\"https:\/\/schema.org\/CreativeWork\" ><div class='avia_textblock'  itemprop=\"text\" ><h2>Schl\u00fcssel-pub<\/h2>\n<p>Our pub is located on the ground floor. Small and cosy \u2013 for enjoyable moments in a family atmosphere.<\/p>\n<ul>\n<li>Gruppen bis 14 Personen<\/li>\n<li>at the front of the restaurant towards Franziskanerplatz<\/li>\n<li>for lunch and dinner occasions<\/li>\n<\/ul>\n<\/div><\/section><\/div><div  class='flex_column av-cwa25y-c46f53228313d72e714ac1d31388db02 av_one_full  avia-builder-el-14  el_after_av_one_full  el_before_av_one_full  first flex_column_div  column-top-margin'     ><section  class='av_textblock_section av-m0pdtyxf-27196b8e460e13933d748a6ff9115726'   itemscope=\"itemscope\" itemtype=\"https:\/\/schema.org\/CreativeWork\" ><div class='avia_textblock'  itemprop=\"text\" ><h2>Zofingen parlour<\/h2>\n<p>The Zofinger-Stube is our cosy vaulted room at the back of the pub. It can be reached via a few steps and, if you want extra privacy, you can even close the door.<\/p>\n<ul>\n<li>Maximal Platz f\u00fcr 20 G\u00e4ste<\/li>\n<li>Exklusivit\u00e4t ab 12 G\u00e4sten<\/li>\n<li>for lunch and dinner occasions<\/li>\n<\/ul>\n<\/div><\/section><\/div><div  class='flex_column av-4cktau-093feaf107dc58366d7159925dc4b5f7 av_one_full  avia-builder-el-16  el_after_av_one_full  avia-builder-el-last  first flex_column_div  column-top-margin'     ><section  class='av_textblock_section av-m0pdmhs7-19365af77209638c85f20d5f336d7401'   itemscope=\"itemscope\" itemtype=\"https:\/\/schema.org\/CreativeWork\" ><div class='avia_textblock'  itemprop=\"text\" ><h2>Borromeus Hall<\/h2>\n<p>Our historic Borromeus Hall, dating back to 1545, is located on the first floor. There is a great deal to discover in this room, as it is here that traces of the past are best preserved.<\/p>\n<ul>\n<li>Maximal Platz f\u00fcr 38 G\u00e4ste<\/li>\n<li>Exclusivity for 20 guests or more<\/li>\n<li>for lunch and dinner occasions<\/li>\n<\/ul>\n<\/div><\/section><\/div>\n<\/p>","protected":false},"excerpt":{"rendered":"","protected":false},"author":3,"featured_media":2566,"parent":0,"menu_order":0,"comment_status":"closed","ping_status":"closed","template":"","meta":{"inline_featured_image":false,"footnotes":""},"class_list":["post-1190","page","type-page","status-publish","has-post-thumbnail","hentry"],"yoast_head":"<!-- This site is optimized with the Yoast SEO plugin v27.3 - https:\/\/yoast.com\/product\/yoast-seo-wordpress\/ -->\n<title>Bankette - Restaurant Schl\u00fcssel<\/title>\n<meta name=\"description\" content=\"Das Restaurant Schl\u00fcssel bietet eine einmalige Atmosph\u00e4re f\u00fcr Bankette und Events in der Stadt Luzern. Mitten im Zentrum am Franziskanerplatz.\" \/>\n<meta name=\"robots\" content=\"index, follow, max-snippet:-1, max-image-preview:large, max-video-preview:-1\" \/>\n<link rel=\"canonical\" href=\"https:\/\/restaurant-schluessel.swiss\/en\/bankett-event\/\" \/>\n<meta property=\"og:locale\" content=\"en_GB\" \/>\n<meta property=\"og:type\" content=\"article\" \/>\n<meta property=\"og:title\" content=\"Bankette - Restaurant Schl\u00fcssel\" \/>\n<meta property=\"og:description\" content=\"Das Restaurant Schl\u00fcssel bietet eine einmalige Atmosph\u00e4re f\u00fcr Bankette und Events in der Stadt Luzern. Mitten im Zentrum am Franziskanerplatz.\" \/>\n<meta property=\"og:url\" content=\"https:\/\/restaurant-schluessel.swiss\/en\/bankett-event\/\" \/>\n<meta property=\"og:site_name\" content=\"Restaurant Schl\u00fcssel\" \/>\n<meta property=\"article:modified_time\" content=\"2026-04-06T06:11:52+00:00\" \/>\n<meta property=\"og:image\" content=\"https:\/\/restaurant-schluessel.swiss\/wp-content\/uploads\/2025\/12\/CD_07364-1030x687.webp\" \/>\n\t<meta property=\"og:image:width\" content=\"1030\" \/>\n\t<meta property=\"og:image:height\" content=\"687\" \/>\n\t<meta property=\"og:image:type\" content=\"image\/webp\" \/>\n<meta name=\"twitter:card\" content=\"summary_large_image\" \/>\n<meta name=\"twitter:label1\" content=\"Estimated reading time\" \/>\n\t<meta name=\"twitter:data1\" content=\"1 minute\" \/>\n<script type=\"application\/ld+json\" class=\"yoast-schema-graph\">{\"@context\":\"https:\\\/\\\/schema.org\",\"@graph\":[{\"@type\":\"WebPage\",\"@id\":\"https:\\\/\\\/restaurant-schluessel.swiss\\\/bankett-event\\\/\",\"url\":\"https:\\\/\\\/restaurant-schluessel.swiss\\\/bankett-event\\\/\",\"name\":\"Bankette - Restaurant Schl\u00fcssel\",\"isPartOf\":{\"@id\":\"https:\\\/\\\/restaurant-schluessel.swiss\\\/#website\"},\"primaryImageOfPage\":{\"@id\":\"https:\\\/\\\/restaurant-schluessel.swiss\\\/bankett-event\\\/#primaryimage\"},\"image\":{\"@id\":\"https:\\\/\\\/restaurant-schluessel.swiss\\\/bankett-event\\\/#primaryimage\"},\"thumbnailUrl\":\"https:\\\/\\\/restaurant-schluessel.swiss\\\/wp-content\\\/uploads\\\/2025\\\/12\\\/CD_07364-scaled.webp\",\"datePublished\":\"2024-09-05T14:35:30+00:00\",\"dateModified\":\"2026-04-06T06:11:52+00:00\",\"description\":\"Das Restaurant Schl\u00fcssel bietet eine einmalige Atmosph\u00e4re f\u00fcr Bankette und Events in der Stadt Luzern. Mitten im Zentrum am Franziskanerplatz.\",\"breadcrumb\":{\"@id\":\"https:\\\/\\\/restaurant-schluessel.swiss\\\/bankett-event\\\/#breadcrumb\"},\"inLanguage\":\"en-GB\",\"potentialAction\":[{\"@type\":\"ReadAction\",\"target\":[\"https:\\\/\\\/restaurant-schluessel.swiss\\\/bankett-event\\\/\"]}]},{\"@type\":\"ImageObject\",\"inLanguage\":\"en-GB\",\"@id\":\"https:\\\/\\\/restaurant-schluessel.swiss\\\/bankett-event\\\/#primaryimage\",\"url\":\"https:\\\/\\\/restaurant-schluessel.swiss\\\/wp-content\\\/uploads\\\/2025\\\/12\\\/CD_07364-scaled.webp\",\"contentUrl\":\"https:\\\/\\\/restaurant-schluessel.swiss\\\/wp-content\\\/uploads\\\/2025\\\/12\\\/CD_07364-scaled.webp\",\"width\":2560,\"height\":1707},{\"@type\":\"BreadcrumbList\",\"@id\":\"https:\\\/\\\/restaurant-schluessel.swiss\\\/bankett-event\\\/#breadcrumb\",\"itemListElement\":[{\"@type\":\"ListItem\",\"position\":1,\"name\":\"Startseite\",\"item\":\"https:\\\/\\\/restaurant-schluessel.swiss\\\/\"},{\"@type\":\"ListItem\",\"position\":2,\"name\":\"Bankette\"}]},{\"@type\":\"WebSite\",\"@id\":\"https:\\\/\\\/restaurant-schluessel.swiss\\\/#website\",\"url\":\"https:\\\/\\\/restaurant-schluessel.swiss\\\/\",\"name\":\"Restaurant Schl\u00fcssel\",\"description\":\"\",\"potentialAction\":[{\"@type\":\"SearchAction\",\"target\":{\"@type\":\"EntryPoint\",\"urlTemplate\":\"https:\\\/\\\/restaurant-schluessel.swiss\\\/?s={search_term_string}\"},\"query-input\":{\"@type\":\"PropertyValueSpecification\",\"valueRequired\":true,\"valueName\":\"search_term_string\"}}],\"inLanguage\":\"en-GB\"}]}<\/script>\n<!-- \/ Yoast SEO plugin. -->","yoast_head_json":{"title":"Bankette - Restaurant Schl\u00fcssel","description":"Das Restaurant Schl\u00fcssel bietet eine einmalige Atmosph\u00e4re f\u00fcr Bankette und Events in der Stadt Luzern. Mitten im Zentrum am Franziskanerplatz.","robots":{"index":"index","follow":"follow","max-snippet":"max-snippet:-1","max-image-preview":"max-image-preview:large","max-video-preview":"max-video-preview:-1"},"canonical":"https:\/\/restaurant-schluessel.swiss\/en\/bankett-event\/","og_locale":"en_GB","og_type":"article","og_title":"Bankette - Restaurant Schl\u00fcssel","og_description":"Das Restaurant Schl\u00fcssel bietet eine einmalige Atmosph\u00e4re f\u00fcr Bankette und Events in der Stadt Luzern. Mitten im Zentrum am Franziskanerplatz.","og_url":"https:\/\/restaurant-schluessel.swiss\/en\/bankett-event\/","og_site_name":"Restaurant Schl\u00fcssel","article_modified_time":"2026-04-06T06:11:52+00:00","og_image":[{"width":1030,"height":687,"url":"https:\/\/restaurant-schluessel.swiss\/wp-content\/uploads\/2025\/12\/CD_07364-1030x687.webp","type":"image\/webp"}],"twitter_card":"summary_large_image","twitter_misc":{"Estimated reading time":"1 minute"},"schema":{"@context":"https:\/\/schema.org","@graph":[{"@type":"WebPage","@id":"https:\/\/restaurant-schluessel.swiss\/bankett-event\/","url":"https:\/\/restaurant-schluessel.swiss\/bankett-event\/","name":"Bankette - Restaurant Schl\u00fcssel","isPartOf":{"@id":"https:\/\/restaurant-schluessel.swiss\/#website"},"primaryImageOfPage":{"@id":"https:\/\/restaurant-schluessel.swiss\/bankett-event\/#primaryimage"},"image":{"@id":"https:\/\/restaurant-schluessel.swiss\/bankett-event\/#primaryimage"},"thumbnailUrl":"https:\/\/restaurant-schluessel.swiss\/wp-content\/uploads\/2025\/12\/CD_07364-scaled.webp","datePublished":"2024-09-05T14:35:30+00:00","dateModified":"2026-04-06T06:11:52+00:00","description":"Das Restaurant Schl\u00fcssel bietet eine einmalige Atmosph\u00e4re f\u00fcr Bankette und Events in der Stadt Luzern. Mitten im Zentrum am Franziskanerplatz.","breadcrumb":{"@id":"https:\/\/restaurant-schluessel.swiss\/bankett-event\/#breadcrumb"},"inLanguage":"en-GB","potentialAction":[{"@type":"ReadAction","target":["https:\/\/restaurant-schluessel.swiss\/bankett-event\/"]}]},{"@type":"ImageObject","inLanguage":"en-GB","@id":"https:\/\/restaurant-schluessel.swiss\/bankett-event\/#primaryimage","url":"https:\/\/restaurant-schluessel.swiss\/wp-content\/uploads\/2025\/12\/CD_07364-scaled.webp","contentUrl":"https:\/\/restaurant-schluessel.swiss\/wp-content\/uploads\/2025\/12\/CD_07364-scaled.webp","width":2560,"height":1707},{"@type":"BreadcrumbList","@id":"https:\/\/restaurant-schluessel.swiss\/bankett-event\/#breadcrumb","itemListElement":[{"@type":"ListItem","position":1,"name":"Startseite","item":"https:\/\/restaurant-schluessel.swiss\/"},{"@type":"ListItem","position":2,"name":"Bankette"}]},{"@type":"WebSite","@id":"https:\/\/restaurant-schluessel.swiss\/#website","url":"https:\/\/restaurant-schluessel.swiss\/","name":"Restaurant Schl\u00fcssel","description":"","potentialAction":[{"@type":"SearchAction","target":{"@type":"EntryPoint","urlTemplate":"https:\/\/restaurant-schluessel.swiss\/?s={search_term_string}"},"query-input":{"@type":"PropertyValueSpecification","valueRequired":true,"valueName":"search_term_string"}}],"inLanguage":"en-GB"}]}},"_links":{"self":[{"href":"https:\/\/restaurant-schluessel.swiss\/en\/wp-json\/wp\/v2\/pages\/1190","targetHints":{"allow":["GET"]}}],"collection":[{"href":"https:\/\/restaurant-schluessel.swiss\/en\/wp-json\/wp\/v2\/pages"}],"about":[{"href":"https:\/\/restaurant-schluessel.swiss\/en\/wp-json\/wp\/v2\/types\/page"}],"author":[{"embeddable":true,"href":"https:\/\/restaurant-schluessel.swiss\/en\/wp-json\/wp\/v2\/users\/3"}],"replies":[{"embeddable":true,"href":"https:\/\/restaurant-schluessel.swiss\/en\/wp-json\/wp\/v2\/comments?post=1190"}],"version-history":[{"count":105,"href":"https:\/\/restaurant-schluessel.swiss\/en\/wp-json\/wp\/v2\/pages\/1190\/revisions"}],"predecessor-version":[{"id":3367,"href":"https:\/\/restaurant-schluessel.swiss\/en\/wp-json\/wp\/v2\/pages\/1190\/revisions\/3367"}],"wp:featuredmedia":[{"embeddable":true,"href":"https:\/\/restaurant-schluessel.swiss\/en\/wp-json\/wp\/v2\/media\/2566"}],"wp:attachment":[{"href":"https:\/\/restaurant-schluessel.swiss\/en\/wp-json\/wp\/v2\/media?parent=1190"}],"curies":[{"name":"wp","href":"https:\/\/api.w.org\/{rel}","templated":true}]}}