{"id":111,"date":"2024-03-23T13:07:10","date_gmt":"2024-03-23T13:07:10","guid":{"rendered":"https:\/\/schluessel-lucerne.ch\/?page_id=111"},"modified":"2026-04-14T16:13:03","modified_gmt":"2026-04-14T16:13:03","slug":"restaurant-schluessel","status":"publish","type":"page","link":"https:\/\/restaurant-schluessel.swiss\/en\/","title":{"rendered":"Restaurant Schl\u00fcssel"},"content":{"rendered":"<div id='av_section_1'  class='avia-section av-3rzn53-e988a10f1502b30194b38758969aed83 main_color avia-section-default avia-no-border-styling  avia-builder-el-0  avia-builder-el-no-sibling  header-image-text avia-bg-style-scroll container_wrap fullsize'  ><div class='container av-section-cont-open' ><main  role=\"main\" itemprop=\"mainContentOfPage\"  class='template-page content  av-content-full alpha units'><div class='post-entry post-entry-type-page post-entry-111'><div class='entry-content-wrapper clearfix'>\n<div  class='flex_column av-3mhpdb-335e4bc12bcb698d0f332a95111e3465 av_one_full  avia-builder-el-1  el_before_av_one_fourth  avia-builder-el-first  first flex_column_div'     ><style type=\"text\/css\" data-created_by=\"avia_inline_auto\" id=\"style-css-av-3e45nr-599bc52165f4003c84e8d9f8cf0c136a\">\n.avia-image-container.av-3e45nr-599bc52165f4003c84e8d9f8cf0c136a img.avia_image{\nbox-shadow:none;\n}\n.avia-image-container.av-3e45nr-599bc52165f4003c84e8d9f8cf0c136a .av-image-caption-overlay-center{\ncolor:#ffffff;\n}\n<\/style>\n<div  class='avia-image-container av-3e45nr-599bc52165f4003c84e8d9f8cf0c136a av-styling- avia-align-center  avia-builder-el-2  avia-builder-el-no-sibling'   itemprop=\"image\" itemscope=\"itemscope\" itemtype=\"https:\/\/schema.org\/ImageObject\" ><div class=\"avia-image-container-inner\"><div class=\"avia-image-overlay-wrap\"><img decoding=\"async\" fetchpriority=\"high\" class='wp-image-2473 avia-img-lazy-loading-not-2473 avia_image' src=\"https:\/\/restaurant-schluessel.swiss\/wp-content\/uploads\/2025\/12\/Speisekarte-1-scaled.webp\" alt='' title=''  height=\"1581\" width=\"2560\"  itemprop=\"thumbnailUrl\" srcset=\"https:\/\/restaurant-schluessel.swiss\/wp-content\/uploads\/2025\/12\/Speisekarte-1-scaled.webp 2560w, https:\/\/restaurant-schluessel.swiss\/wp-content\/uploads\/2025\/12\/Speisekarte-1-300x185.webp 300w, https:\/\/restaurant-schluessel.swiss\/wp-content\/uploads\/2025\/12\/Speisekarte-1-1030x636.webp 1030w, https:\/\/restaurant-schluessel.swiss\/wp-content\/uploads\/2025\/12\/Speisekarte-1-768x474.webp 768w, https:\/\/restaurant-schluessel.swiss\/wp-content\/uploads\/2025\/12\/Speisekarte-1-1536x949.webp 1536w, https:\/\/restaurant-schluessel.swiss\/wp-content\/uploads\/2025\/12\/Speisekarte-1-2048x1265.webp 2048w, https:\/\/restaurant-schluessel.swiss\/wp-content\/uploads\/2025\/12\/Speisekarte-1-1500x927.webp 1500w, https:\/\/restaurant-schluessel.swiss\/wp-content\/uploads\/2025\/12\/Speisekarte-1-705x435.webp 705w\" sizes=\"(max-width: 2560px) 100vw, 2560px\" \/><\/div><\/div><\/div><\/div><div  class='flex_column av-6r913-53cd32d8186f3aa3ee606c3c5f2eabe5 av_one_fourth  avia-builder-el-3  el_after_av_one_full  el_before_av_one_fourth  first flex_column_div  column-top-margin'     ><div  class='avia-button-wrap av-1cc88f-f693beb89db07672b481029f9b10ed2b-wrap avia-button-left  avia-builder-el-4  avia-builder-el-no-sibling'><a href='https:\/\/book.easytablebooking.com\/book\/?id=27393&amp;lang=de' class='avia-button av-1cc88f-f693beb89db07672b481029f9b10ed2b avia-icon_select-no avia-size-x-large avia-position-left avia-color-theme-color' target=\"_blank\" rel=\"noopener noreferrer\"><span class='avia_iconbox_title' >reservation<\/span><\/a><\/div><\/div><div  class='flex_column av-eztq7-e5aeb2af80515352519ce82f04a542d3 av_one_fourth  avia-builder-el-5  el_after_av_one_fourth  el_before_av_one_fourth  flex_column_div  column-top-margin'     ><div  class='avia-button-wrap av-bjt7z-5cb3665451d9141e80f7eab3c5bc4df2-wrap avia-button-left  avia-builder-el-6  avia-builder-el-no-sibling'>\n<style type=\"text\/css\" data-created_by=\"avia_inline_auto\" id=\"style-css-av-bjt7z-5cb3665451d9141e80f7eab3c5bc4df2\">\n#top #wrap_all .avia-button.av-bjt7z-5cb3665451d9141e80f7eab3c5bc4df2{\nbackground-color:#eeee22;\nborder-color:#eeee22;\ncolor:#ffffff;\ntransition:all 0.4s ease-in-out;\n}\n<\/style>\n<a href='https:\/\/restaurant-schluessel.swiss\/wp-content\/uploads\/2026\/04\/041526.pdf' class='avia-button av-bjt7z-5cb3665451d9141e80f7eab3c5bc4df2 avia-icon_select-no avia-size-x-large avia-position-left' target=\"_blank\" rel=\"noopener noreferrer\"><span class='avia_iconbox_title' >Lunchkarte<\/span><\/a><\/div><\/div><div  class='flex_column av-11umvb-656bb7d11011b6f0752ba3ff6b551537 av_one_fourth  avia-builder-el-7  el_after_av_one_fourth  el_before_av_one_fourth  flex_column_div  column-top-margin'     ><div  class='avia-button-wrap av-vtd3z-74dc2efe9c5dbf38c9450872ded99297-wrap avia-button-left  avia-builder-el-8  avia-builder-el-no-sibling'><a href='https:\/\/restaurant-schluessel.swiss\/wp-content\/uploads\/2026\/04\/Speisekarte_PDF_web_EN-1.pdf' class='avia-button av-vtd3z-74dc2efe9c5dbf38c9450872ded99297 avia-icon_select-no avia-size-x-large avia-position-left avia-color-theme-color' target=\"_blank\" rel=\"noopener noreferrer\"><span class='avia_iconbox_title' >Abendkarte<\/span><\/a><\/div><\/div><div  class='flex_column av-tdxqf-dde75413f64e93c791aaa8ee78cba083 av_one_fourth  avia-builder-el-9  el_after_av_one_fourth  avia-builder-el-last  flex_column_div  column-top-margin'     ><div  class='avia-button-wrap av-ithqv-8a74800d6d84228a8eef162cfefdd9b1-wrap avia-button-left  avia-builder-el-10  avia-builder-el-no-sibling'><a href='https:\/\/restaurant-schluessel.swiss\/wp-content\/uploads\/2026\/04\/Weinkarte_EN_26_03.pdf' class='avia-button av-ithqv-8a74800d6d84228a8eef162cfefdd9b1 avia-icon_select-no avia-size-x-large avia-position-left avia-color-theme-color' target=\"_blank\" rel=\"noopener noreferrer\"><span class='avia_iconbox_title' >wine list<\/span><\/a><\/div><\/div>","protected":false},"excerpt":{"rendered":"","protected":false},"author":3,"featured_media":2471,"parent":0,"menu_order":0,"comment_status":"closed","ping_status":"closed","template":"","meta":{"inline_featured_image":false,"footnotes":""},"class_list":["post-111","page","type-page","status-publish","has-post-thumbnail","hentry"],"yoast_head":"<!-- This site is optimized with the Yoast SEO plugin v27.3 - https:\/\/yoast.com\/product\/yoast-seo-wordpress\/ -->\n<title>Restaurant Schl\u00fcssel - Restaurant Schl\u00fcssel<\/title>\n<meta name=\"description\" content=\"Restaurant Schl\u00fcssel in Luzern: Speis und Trank im Zentrum! Lunch MI\/DO\/FR 12 bis 14 Uhr, Dinner DI-SA 18 bis 23.30 Uhr. Bequem online reservieren.\" \/>\n<meta name=\"robots\" content=\"index, follow, max-snippet:-1, max-image-preview:large, max-video-preview:-1\" \/>\n<link rel=\"canonical\" href=\"https:\/\/restaurant-schluessel.swiss\/en\/\" \/>\n<meta property=\"og:locale\" content=\"en_GB\" \/>\n<meta property=\"og:type\" content=\"article\" \/>\n<meta property=\"og:title\" content=\"Restaurant Schl\u00fcssel - Restaurant Schl\u00fcssel\" \/>\n<meta property=\"og:description\" content=\"Restaurant Schl\u00fcssel in Luzern: Speis und Trank im Zentrum! Lunch MI\/DO\/FR 12 bis 14 Uhr, Dinner DI-SA 18 bis 23.30 Uhr. Bequem online reservieren.\" \/>\n<meta property=\"og:url\" content=\"https:\/\/restaurant-schluessel.swiss\/en\/\" \/>\n<meta property=\"og:site_name\" content=\"Restaurant Schl\u00fcssel\" \/>\n<meta property=\"article:modified_time\" content=\"2026-04-14T16:13:03+00:00\" \/>\n<meta property=\"og:image\" content=\"https:\/\/restaurant-schluessel.swiss\/wp-content\/uploads\/2025\/12\/Speisekarte-scaled.webp\" \/>\n\t<meta property=\"og:image:width\" content=\"2560\" \/>\n\t<meta property=\"og:image:height\" content=\"1581\" \/>\n\t<meta property=\"og:image:type\" content=\"image\/webp\" \/>\n<meta name=\"twitter:card\" content=\"summary_large_image\" \/>\n<meta name=\"twitter:label1\" content=\"Estimated reading time\" \/>\n\t<meta name=\"twitter:data1\" content=\"1 minute\" \/>\n<script type=\"application\/ld+json\" class=\"yoast-schema-graph\">{\"@context\":\"https:\\\/\\\/schema.org\",\"@graph\":[{\"@type\":\"WebPage\",\"@id\":\"https:\\\/\\\/restaurant-schluessel.swiss\\\/\",\"url\":\"https:\\\/\\\/restaurant-schluessel.swiss\\\/\",\"name\":\"Restaurant Schl\u00fcssel - Restaurant Schl\u00fcssel\",\"isPartOf\":{\"@id\":\"https:\\\/\\\/restaurant-schluessel.swiss\\\/#website\"},\"primaryImageOfPage\":{\"@id\":\"https:\\\/\\\/restaurant-schluessel.swiss\\\/#primaryimage\"},\"image\":{\"@id\":\"https:\\\/\\\/restaurant-schluessel.swiss\\\/#primaryimage\"},\"thumbnailUrl\":\"https:\\\/\\\/restaurant-schluessel.swiss\\\/wp-content\\\/uploads\\\/2025\\\/12\\\/Speisekarte-scaled.webp\",\"datePublished\":\"2024-03-23T13:07:10+00:00\",\"dateModified\":\"2026-04-14T16:13:03+00:00\",\"description\":\"Restaurant Schl\u00fcssel in Luzern: Speis und Trank im Zentrum! Lunch MI\\\/DO\\\/FR 12 bis 14 Uhr, Dinner DI-SA 18 bis 23.30 Uhr. Bequem online reservieren.\",\"breadcrumb\":{\"@id\":\"https:\\\/\\\/restaurant-schluessel.swiss\\\/#breadcrumb\"},\"inLanguage\":\"en-GB\",\"potentialAction\":[{\"@type\":\"ReadAction\",\"target\":[\"https:\\\/\\\/restaurant-schluessel.swiss\\\/\"]}]},{\"@type\":\"ImageObject\",\"inLanguage\":\"en-GB\",\"@id\":\"https:\\\/\\\/restaurant-schluessel.swiss\\\/#primaryimage\",\"url\":\"https:\\\/\\\/restaurant-schluessel.swiss\\\/wp-content\\\/uploads\\\/2025\\\/12\\\/Speisekarte-scaled.webp\",\"contentUrl\":\"https:\\\/\\\/restaurant-schluessel.swiss\\\/wp-content\\\/uploads\\\/2025\\\/12\\\/Speisekarte-scaled.webp\",\"width\":2560,\"height\":1581},{\"@type\":\"BreadcrumbList\",\"@id\":\"https:\\\/\\\/restaurant-schluessel.swiss\\\/#breadcrumb\",\"itemListElement\":[{\"@type\":\"ListItem\",\"position\":1,\"name\":\"Startseite\",\"item\":\"https:\\\/\\\/restaurant-schluessel.swiss\\\/\"},{\"@type\":\"ListItem\",\"position\":2,\"name\":\"Restaurant Schl\u00fcssel\"}]},{\"@type\":\"WebSite\",\"@id\":\"https:\\\/\\\/restaurant-schluessel.swiss\\\/#website\",\"url\":\"https:\\\/\\\/restaurant-schluessel.swiss\\\/\",\"name\":\"Restaurant Schl\u00fcssel\",\"description\":\"\",\"potentialAction\":[{\"@type\":\"SearchAction\",\"target\":{\"@type\":\"EntryPoint\",\"urlTemplate\":\"https:\\\/\\\/restaurant-schluessel.swiss\\\/?s={search_term_string}\"},\"query-input\":{\"@type\":\"PropertyValueSpecification\",\"valueRequired\":true,\"valueName\":\"search_term_string\"}}],\"inLanguage\":\"en-GB\"}]}<\/script>\n<!-- \/ Yoast SEO plugin. -->","yoast_head_json":{"title":"Restaurant Schl\u00fcssel - Restaurant Schl\u00fcssel","description":"Restaurant Schl\u00fcssel in Luzern: Speis und Trank im Zentrum! Lunch MI\/DO\/FR 12 bis 14 Uhr, Dinner DI-SA 18 bis 23.30 Uhr. Bequem online reservieren.","robots":{"index":"index","follow":"follow","max-snippet":"max-snippet:-1","max-image-preview":"max-image-preview:large","max-video-preview":"max-video-preview:-1"},"canonical":"https:\/\/restaurant-schluessel.swiss\/en\/","og_locale":"en_GB","og_type":"article","og_title":"Restaurant Schl\u00fcssel - Restaurant Schl\u00fcssel","og_description":"Restaurant Schl\u00fcssel in Luzern: Speis und Trank im Zentrum! Lunch MI\/DO\/FR 12 bis 14 Uhr, Dinner DI-SA 18 bis 23.30 Uhr. Bequem online reservieren.","og_url":"https:\/\/restaurant-schluessel.swiss\/en\/","og_site_name":"Restaurant Schl\u00fcssel","article_modified_time":"2026-04-14T16:13:03+00:00","og_image":[{"width":2560,"height":1581,"url":"https:\/\/restaurant-schluessel.swiss\/wp-content\/uploads\/2025\/12\/Speisekarte-scaled.webp","type":"image\/webp"}],"twitter_card":"summary_large_image","twitter_misc":{"Estimated reading time":"1 minute"},"schema":{"@context":"https:\/\/schema.org","@graph":[{"@type":"WebPage","@id":"https:\/\/restaurant-schluessel.swiss\/","url":"https:\/\/restaurant-schluessel.swiss\/","name":"Restaurant Schl\u00fcssel - Restaurant Schl\u00fcssel","isPartOf":{"@id":"https:\/\/restaurant-schluessel.swiss\/#website"},"primaryImageOfPage":{"@id":"https:\/\/restaurant-schluessel.swiss\/#primaryimage"},"image":{"@id":"https:\/\/restaurant-schluessel.swiss\/#primaryimage"},"thumbnailUrl":"https:\/\/restaurant-schluessel.swiss\/wp-content\/uploads\/2025\/12\/Speisekarte-scaled.webp","datePublished":"2024-03-23T13:07:10+00:00","dateModified":"2026-04-14T16:13:03+00:00","description":"Restaurant Schl\u00fcssel in Luzern: Speis und Trank im Zentrum! Lunch MI\/DO\/FR 12 bis 14 Uhr, Dinner DI-SA 18 bis 23.30 Uhr. Bequem online reservieren.","breadcrumb":{"@id":"https:\/\/restaurant-schluessel.swiss\/#breadcrumb"},"inLanguage":"en-GB","potentialAction":[{"@type":"ReadAction","target":["https:\/\/restaurant-schluessel.swiss\/"]}]},{"@type":"ImageObject","inLanguage":"en-GB","@id":"https:\/\/restaurant-schluessel.swiss\/#primaryimage","url":"https:\/\/restaurant-schluessel.swiss\/wp-content\/uploads\/2025\/12\/Speisekarte-scaled.webp","contentUrl":"https:\/\/restaurant-schluessel.swiss\/wp-content\/uploads\/2025\/12\/Speisekarte-scaled.webp","width":2560,"height":1581},{"@type":"BreadcrumbList","@id":"https:\/\/restaurant-schluessel.swiss\/#breadcrumb","itemListElement":[{"@type":"ListItem","position":1,"name":"Startseite","item":"https:\/\/restaurant-schluessel.swiss\/"},{"@type":"ListItem","position":2,"name":"Restaurant Schl\u00fcssel"}]},{"@type":"WebSite","@id":"https:\/\/restaurant-schluessel.swiss\/#website","url":"https:\/\/restaurant-schluessel.swiss\/","name":"Restaurant Schl\u00fcssel","description":"","potentialAction":[{"@type":"SearchAction","target":{"@type":"EntryPoint","urlTemplate":"https:\/\/restaurant-schluessel.swiss\/?s={search_term_string}"},"query-input":{"@type":"PropertyValueSpecification","valueRequired":true,"valueName":"search_term_string"}}],"inLanguage":"en-GB"}]}},"_links":{"self":[{"href":"https:\/\/restaurant-schluessel.swiss\/en\/wp-json\/wp\/v2\/pages\/111","targetHints":{"allow":["GET"]}}],"collection":[{"href":"https:\/\/restaurant-schluessel.swiss\/en\/wp-json\/wp\/v2\/pages"}],"about":[{"href":"https:\/\/restaurant-schluessel.swiss\/en\/wp-json\/wp\/v2\/types\/page"}],"author":[{"embeddable":true,"href":"https:\/\/restaurant-schluessel.swiss\/en\/wp-json\/wp\/v2\/users\/3"}],"replies":[{"embeddable":true,"href":"https:\/\/restaurant-schluessel.swiss\/en\/wp-json\/wp\/v2\/comments?post=111"}],"version-history":[{"count":228,"href":"https:\/\/restaurant-schluessel.swiss\/en\/wp-json\/wp\/v2\/pages\/111\/revisions"}],"predecessor-version":[{"id":3368,"href":"https:\/\/restaurant-schluessel.swiss\/en\/wp-json\/wp\/v2\/pages\/111\/revisions\/3368"}],"wp:featuredmedia":[{"embeddable":true,"href":"https:\/\/restaurant-schluessel.swiss\/en\/wp-json\/wp\/v2\/media\/2471"}],"wp:attachment":[{"href":"https:\/\/restaurant-schluessel.swiss\/en\/wp-json\/wp\/v2\/media?parent=111"}],"curies":[{"name":"wp","href":"https:\/\/api.w.org\/{rel}","templated":true}]}}